{"id":1389,"date":"2018-08-03T11:22:53","date_gmt":"2018-08-03T11:22:53","guid":{"rendered":"https:\/\/www.ceramiquesest.cat\/nosotros\/"},"modified":"2018-08-03T11:23:56","modified_gmt":"2018-08-03T11:23:56","slug":"nosotros","status":"publish","type":"page","link":"https:\/\/www.ceramiquesest.cat\/es\/nosotros\/","title":{"rendered":"NOSOTROS"},"content":{"rendered":"\t\t<div data-elementor-type=\"wp-post\" data-elementor-id=\"1389\" class=\"elementor elementor-1389 elementor-531 elementor-bc-flex-widget\" data-elementor-post-type=\"page\">\n\t\t\t\t\t\t<section class=\"elementor-section elementor-top-section elementor-element elementor-element-1e12d8f elementor-section-full_width elementor-section-height-default elementor-section-height-default\" data-id=\"1e12d8f\" data-element_type=\"section\" data-e-type=\"section\">\n\t\t\t\t\t\t<div class=\"elementor-container elementor-column-gap-default\">\n\t\t\t\t\t<div class=\"elementor-column elementor-col-100 elementor-top-column elementor-element elementor-element-3ad9885\" data-id=\"3ad9885\" data-element_type=\"column\" data-e-type=\"column\">\n\t\t\t<div class=\"elementor-widget-wrap elementor-element-populated\">\n\t\t\t\t\t\t<div class=\"elementor-element elementor-element-0351413 elementor-widget elementor-widget-image\" data-id=\"0351413\" data-element_type=\"widget\" data-e-type=\"widget\" data-widget_type=\"image.default\">\n\t\t\t\t<div class=\"elementor-widget-container\">\n\t\t\t\t\t\t\t\t\t\t\t\t\t\t\t<img fetchpriority=\"high\" decoding=\"async\" width=\"1280\" height=\"450\" src=\"https:\/\/www.ceramiquesest.cat\/wp-content\/uploads\/2018\/04\/fabrica-1.jpg\" class=\"attachment-full size-full wp-image-835\" alt=\"\" srcset=\"https:\/\/www.ceramiquesest.cat\/wp-content\/uploads\/2018\/04\/fabrica-1.jpg 1280w, https:\/\/www.ceramiquesest.cat\/wp-content\/uploads\/2018\/04\/fabrica-1-300x105.jpg 300w, https:\/\/www.ceramiquesest.cat\/wp-content\/uploads\/2018\/04\/fabrica-1-768x270.jpg 768w, https:\/\/www.ceramiquesest.cat\/wp-content\/uploads\/2018\/04\/fabrica-1-1024x360.jpg 1024w\" sizes=\"(max-width: 1280px) 100vw, 1280px\" \/>\t\t\t\t\t\t\t\t\t\t\t\t\t\t\t<\/div>\n\t\t\t\t<\/div>\n\t\t\t\t\t<\/div>\n\t\t<\/div>\n\t\t\t\t\t<\/div>\n\t\t<\/section>\n\t\t\t\t<section class=\"elementor-section elementor-top-section elementor-element elementor-element-4970d740 elementor-section-boxed elementor-section-height-default elementor-section-height-default\" data-id=\"4970d740\" data-element_type=\"section\" data-e-type=\"section\">\n\t\t\t\t\t\t<div class=\"elementor-container elementor-column-gap-default\">\n\t\t\t\t\t<div class=\"elementor-column elementor-col-100 elementor-top-column elementor-element elementor-element-5fdfbc56\" data-id=\"5fdfbc56\" data-element_type=\"column\" data-e-type=\"column\">\n\t\t\t<div class=\"elementor-widget-wrap elementor-element-populated\">\n\t\t\t\t\t\t<div class=\"elementor-element elementor-element-3eb4fc60 elementor-widget elementor-widget-heading\" data-id=\"3eb4fc60\" data-element_type=\"widget\" data-e-type=\"widget\" data-widget_type=\"heading.default\">\n\t\t\t\t<div class=\"elementor-widget-container\">\n\t\t\t\t\t<h1 class=\"elementor-heading-title elementor-size-default\">CER\u00c0MIQUES EST, TRADICI\u00d3N FAMILIAR CER\u00c1MICA<br \/>EN LA BISBAL D'EMPORD\u00c0<\/h1>\t\t\t\t<\/div>\n\t\t\t\t<\/div>\n\t\t\t\t<div class=\"elementor-element elementor-element-7258f16 elementor-widget-divider--view-line elementor-widget elementor-widget-divider\" data-id=\"7258f16\" data-element_type=\"widget\" data-e-type=\"widget\" data-widget_type=\"divider.default\">\n\t\t\t\t<div class=\"elementor-widget-container\">\n\t\t\t\t\t\t\t<div class=\"elementor-divider\">\n\t\t\t<span class=\"elementor-divider-separator\">\n\t\t\t\t\t\t<\/span>\n\t\t<\/div>\n\t\t\t\t\t\t<\/div>\n\t\t\t\t<\/div>\n\t\t\t\t<div class=\"elementor-element elementor-element-6dafb20 elementor-widget elementor-widget-text-editor\" data-id=\"6dafb20\" data-element_type=\"widget\" data-e-type=\"widget\" data-widget_type=\"text-editor.default\">\n\t\t\t\t<div class=\"elementor-widget-container\">\n\t\t\t\t\t\t\t\t\t<p><span class=\"hiddenGrammarError\">Cer\u00e0miques Est<\/span>\u00a0es una empresa fundada el a\u00f1o 1962 dedicada a la cer\u00e1mica, ubicada en Vulpellac, un pueblo situado cerca de La Bisbal d&#8217;Empord\u00e0.\u00a0<br \/>Es una empresa familiar de la que nosotros\u00a0somos\u00a0la tercera generaci\u00f3n.<\/p>\n\t\t\t\t\t\t\t\t<\/div>\n\t\t\t\t<\/div>\n\t\t\t\t\t<\/div>\n\t\t<\/div>\n\t\t\t\t\t<\/div>\n\t\t<\/section>\n\t\t\t\t<\/div>\n\t\t","protected":false},"excerpt":{"rendered":"<p>CER\u00c0MIQUES EST, TRADICI\u00d3N FAMILIAR CER\u00c1MICAEN LA BISBAL D&#8217;EMPORD\u00c0 Cer\u00e0miques Est\u00a0es una empresa fundada el a\u00f1o 1962 dedicada a la cer\u00e1mica, ubicada en Vulpellac, un pueblo situado cerca de La Bisbal d&#8217;Empord\u00e0.\u00a0Es una empresa familiar de la que nosotros\u00a0somos\u00a0la tercera generaci\u00f3n.<\/p>\n","protected":false},"author":2,"featured_media":0,"parent":0,"menu_order":0,"comment_status":"closed","ping_status":"closed","template":"","meta":{"inline_featured_image":false,"site-sidebar-layout":"no-sidebar","site-content-layout":"page-builder","ast-site-content-layout":"default","site-content-style":"default","site-sidebar-style":"default","ast-global-header-display":"","ast-banner-title-visibility":"","ast-main-header-display":"","ast-hfb-above-header-display":"","ast-hfb-below-header-display":"","ast-hfb-mobile-header-display":"","site-post-title":"disabled","ast-breadcrumbs-content":"","ast-featured-img":"disabled","footer-sml-layout":"","ast-disable-related-posts":"","theme-transparent-header-meta":"","adv-header-id-meta":"","stick-header-meta":"","header-above-stick-meta":"","header-main-stick-meta":"","header-below-stick-meta":"","astra-migrate-meta-layouts":"default","ast-page-background-enabled":"default","ast-page-background-meta":{"desktop":{"background-color":"","background-image":"","background-repeat":"repeat","background-position":"center center","background-size":"auto","background-attachment":"scroll","background-type":"","background-media":"","overlay-type":"","overlay-color":"","overlay-opacity":"","overlay-gradient":""},"tablet":{"background-color":"","background-image":"","background-repeat":"repeat","background-position":"center center","background-size":"auto","background-attachment":"scroll","background-type":"","background-media":"","overlay-type":"","overlay-color":"","overlay-opacity":"","overlay-gradient":""},"mobile":{"background-color":"","background-image":"","background-repeat":"repeat","background-position":"center center","background-size":"auto","background-attachment":"scroll","background-type":"","background-media":"","overlay-type":"","overlay-color":"","overlay-opacity":"","overlay-gradient":""}},"ast-content-background-meta":{"desktop":{"background-color":"var(--ast-global-color-5)","background-image":"","background-repeat":"repeat","background-position":"center center","background-size":"auto","background-attachment":"scroll","background-type":"","background-media":"","overlay-type":"","overlay-color":"","overlay-opacity":"","overlay-gradient":""},"tablet":{"background-color":"var(--ast-global-color-5)","background-image":"","background-repeat":"repeat","background-position":"center center","background-size":"auto","background-attachment":"scroll","background-type":"","background-media":"","overlay-type":"","overlay-color":"","overlay-opacity":"","overlay-gradient":""},"mobile":{"background-color":"var(--ast-global-color-5)","background-image":"","background-repeat":"repeat","background-position":"center center","background-size":"auto","background-attachment":"scroll","background-type":"","background-media":"","overlay-type":"","overlay-color":"","overlay-opacity":"","overlay-gradient":""}},"footnotes":""},"class_list":["post-1389","page","type-page","status-publish","hentry"],"yoast_head":"<!-- This site is optimized with the Yoast SEO plugin v26.9 - https:\/\/yoast.com\/product\/yoast-seo-wordpress\/ -->\n<title>Cer\u00e0miques Est - Tradici\u00f3n familiar cer\u00e0mica en La Bisbal d&#039;Empord\u00e0<\/title>\n<meta name=\"description\" content=\"Cer\u00e1micas Est es una empresa fundada el a\u00f1o 1962 y dedicada a la cer\u00e0mica. Ubicada en Vulpellac, un pueblo situado al lado de La Bisbal d&#039;Empord\u00e0.\" \/>\n<meta name=\"robots\" content=\"index, follow, max-snippet:-1, max-image-preview:large, max-video-preview:-1\" \/>\n<link rel=\"canonical\" href=\"https:\/\/www.ceramiquesest.cat\/es\/nosotros\/\" \/>\n<meta property=\"og:locale\" content=\"es_ES\" \/>\n<meta property=\"og:type\" content=\"article\" \/>\n<meta property=\"og:title\" content=\"Cer\u00e0miques Est - Tradici\u00f3n familiar cer\u00e0mica en La Bisbal d&#039;Empord\u00e0\" \/>\n<meta property=\"og:description\" content=\"Cer\u00e1micas Est es una empresa fundada el a\u00f1o 1962 y dedicada a la cer\u00e0mica. Ubicada en Vulpellac, un pueblo situado al lado de La Bisbal d&#039;Empord\u00e0.\" \/>\n<meta property=\"og:url\" content=\"https:\/\/www.ceramiquesest.cat\/es\/nosotros\/\" \/>\n<meta property=\"og:site_name\" content=\"Cer\u00e0miques Est\" \/>\n<meta property=\"article:modified_time\" content=\"2018-08-03T11:23:56+00:00\" \/>\n<meta property=\"og:image\" content=\"https:\/\/www.ceramiquesest.cat\/wp-content\/uploads\/2018\/04\/fabrica-1.jpg\" \/>\n<meta name=\"twitter:card\" content=\"summary_large_image\" \/>\n<script type=\"application\/ld+json\" class=\"yoast-schema-graph\">{\"@context\":\"https:\/\/schema.org\",\"@graph\":[{\"@type\":\"WebPage\",\"@id\":\"https:\/\/www.ceramiquesest.cat\/es\/nosotros\/\",\"url\":\"https:\/\/www.ceramiquesest.cat\/es\/nosotros\/\",\"name\":\"Cer\u00e0miques Est - Tradici\u00f3n familiar cer\u00e0mica en La Bisbal d'Empord\u00e0\",\"isPartOf\":{\"@id\":\"https:\/\/www.ceramiquesest.cat\/#website\"},\"primaryImageOfPage\":{\"@id\":\"https:\/\/www.ceramiquesest.cat\/es\/nosotros\/#primaryimage\"},\"image\":{\"@id\":\"https:\/\/www.ceramiquesest.cat\/es\/nosotros\/#primaryimage\"},\"thumbnailUrl\":\"https:\/\/www.ceramiquesest.cat\/wp-content\/uploads\/2018\/04\/fabrica-1.jpg\",\"datePublished\":\"2018-08-03T11:22:53+00:00\",\"dateModified\":\"2018-08-03T11:23:56+00:00\",\"description\":\"Cer\u00e1micas Est es una empresa fundada el a\u00f1o 1962 y dedicada a la cer\u00e0mica. Ubicada en Vulpellac, un pueblo situado al lado de La Bisbal d'Empord\u00e0.\",\"breadcrumb\":{\"@id\":\"https:\/\/www.ceramiquesest.cat\/es\/nosotros\/#breadcrumb\"},\"inLanguage\":\"es\",\"potentialAction\":[{\"@type\":\"ReadAction\",\"target\":[\"https:\/\/www.ceramiquesest.cat\/es\/nosotros\/\"]}]},{\"@type\":\"ImageObject\",\"inLanguage\":\"es\",\"@id\":\"https:\/\/www.ceramiquesest.cat\/es\/nosotros\/#primaryimage\",\"url\":\"https:\/\/www.ceramiquesest.cat\/wp-content\/uploads\/2018\/04\/fabrica-1.jpg\",\"contentUrl\":\"https:\/\/www.ceramiquesest.cat\/wp-content\/uploads\/2018\/04\/fabrica-1.jpg\"},{\"@type\":\"BreadcrumbList\",\"@id\":\"https:\/\/www.ceramiquesest.cat\/es\/nosotros\/#breadcrumb\",\"itemListElement\":[{\"@type\":\"ListItem\",\"position\":1,\"name\":\"Inici\",\"item\":\"https:\/\/www.ceramiquesest.cat\/es\/\"},{\"@type\":\"ListItem\",\"position\":2,\"name\":\"NOSOTROS\"}]},{\"@type\":\"WebSite\",\"@id\":\"https:\/\/www.ceramiquesest.cat\/#website\",\"url\":\"https:\/\/www.ceramiquesest.cat\/\",\"name\":\"Cer\u00e0miques Est\",\"description\":\"Fabricaci\u00f3 de cer\u00e0mica i rehabilitaci\u00f3 de peces cer\u00e0miques\",\"potentialAction\":[{\"@type\":\"SearchAction\",\"target\":{\"@type\":\"EntryPoint\",\"urlTemplate\":\"https:\/\/www.ceramiquesest.cat\/?s={search_term_string}\"},\"query-input\":{\"@type\":\"PropertyValueSpecification\",\"valueRequired\":true,\"valueName\":\"search_term_string\"}}],\"inLanguage\":\"es\"}]}<\/script>\n<!-- \/ Yoast SEO plugin. -->","yoast_head_json":{"title":"Cer\u00e0miques Est - Tradici\u00f3n familiar cer\u00e0mica en La Bisbal d'Empord\u00e0","description":"Cer\u00e1micas Est es una empresa fundada el a\u00f1o 1962 y dedicada a la cer\u00e0mica. Ubicada en Vulpellac, un pueblo situado al lado de La Bisbal d'Empord\u00e0.","robots":{"index":"index","follow":"follow","max-snippet":"max-snippet:-1","max-image-preview":"max-image-preview:large","max-video-preview":"max-video-preview:-1"},"canonical":"https:\/\/www.ceramiquesest.cat\/es\/nosotros\/","og_locale":"es_ES","og_type":"article","og_title":"Cer\u00e0miques Est - Tradici\u00f3n familiar cer\u00e0mica en La Bisbal d'Empord\u00e0","og_description":"Cer\u00e1micas Est es una empresa fundada el a\u00f1o 1962 y dedicada a la cer\u00e0mica. Ubicada en Vulpellac, un pueblo situado al lado de La Bisbal d'Empord\u00e0.","og_url":"https:\/\/www.ceramiquesest.cat\/es\/nosotros\/","og_site_name":"Cer\u00e0miques Est","article_modified_time":"2018-08-03T11:23:56+00:00","og_image":[{"url":"https:\/\/www.ceramiquesest.cat\/wp-content\/uploads\/2018\/04\/fabrica-1.jpg","type":"","width":"","height":""}],"twitter_card":"summary_large_image","schema":{"@context":"https:\/\/schema.org","@graph":[{"@type":"WebPage","@id":"https:\/\/www.ceramiquesest.cat\/es\/nosotros\/","url":"https:\/\/www.ceramiquesest.cat\/es\/nosotros\/","name":"Cer\u00e0miques Est - Tradici\u00f3n familiar cer\u00e0mica en La Bisbal d'Empord\u00e0","isPartOf":{"@id":"https:\/\/www.ceramiquesest.cat\/#website"},"primaryImageOfPage":{"@id":"https:\/\/www.ceramiquesest.cat\/es\/nosotros\/#primaryimage"},"image":{"@id":"https:\/\/www.ceramiquesest.cat\/es\/nosotros\/#primaryimage"},"thumbnailUrl":"https:\/\/www.ceramiquesest.cat\/wp-content\/uploads\/2018\/04\/fabrica-1.jpg","datePublished":"2018-08-03T11:22:53+00:00","dateModified":"2018-08-03T11:23:56+00:00","description":"Cer\u00e1micas Est es una empresa fundada el a\u00f1o 1962 y dedicada a la cer\u00e0mica. Ubicada en Vulpellac, un pueblo situado al lado de La Bisbal d'Empord\u00e0.","breadcrumb":{"@id":"https:\/\/www.ceramiquesest.cat\/es\/nosotros\/#breadcrumb"},"inLanguage":"es","potentialAction":[{"@type":"ReadAction","target":["https:\/\/www.ceramiquesest.cat\/es\/nosotros\/"]}]},{"@type":"ImageObject","inLanguage":"es","@id":"https:\/\/www.ceramiquesest.cat\/es\/nosotros\/#primaryimage","url":"https:\/\/www.ceramiquesest.cat\/wp-content\/uploads\/2018\/04\/fabrica-1.jpg","contentUrl":"https:\/\/www.ceramiquesest.cat\/wp-content\/uploads\/2018\/04\/fabrica-1.jpg"},{"@type":"BreadcrumbList","@id":"https:\/\/www.ceramiquesest.cat\/es\/nosotros\/#breadcrumb","itemListElement":[{"@type":"ListItem","position":1,"name":"Inici","item":"https:\/\/www.ceramiquesest.cat\/es\/"},{"@type":"ListItem","position":2,"name":"NOSOTROS"}]},{"@type":"WebSite","@id":"https:\/\/www.ceramiquesest.cat\/#website","url":"https:\/\/www.ceramiquesest.cat\/","name":"Cer\u00e0miques Est","description":"Fabricaci\u00f3 de cer\u00e0mica i rehabilitaci\u00f3 de peces cer\u00e0miques","potentialAction":[{"@type":"SearchAction","target":{"@type":"EntryPoint","urlTemplate":"https:\/\/www.ceramiquesest.cat\/?s={search_term_string}"},"query-input":{"@type":"PropertyValueSpecification","valueRequired":true,"valueName":"search_term_string"}}],"inLanguage":"es"}]}},"_links":{"self":[{"href":"https:\/\/www.ceramiquesest.cat\/es\/wp-json\/wp\/v2\/pages\/1389","targetHints":{"allow":["GET"]}}],"collection":[{"href":"https:\/\/www.ceramiquesest.cat\/es\/wp-json\/wp\/v2\/pages"}],"about":[{"href":"https:\/\/www.ceramiquesest.cat\/es\/wp-json\/wp\/v2\/types\/page"}],"author":[{"embeddable":true,"href":"https:\/\/www.ceramiquesest.cat\/es\/wp-json\/wp\/v2\/users\/2"}],"replies":[{"embeddable":true,"href":"https:\/\/www.ceramiquesest.cat\/es\/wp-json\/wp\/v2\/comments?post=1389"}],"version-history":[{"count":1,"href":"https:\/\/www.ceramiquesest.cat\/es\/wp-json\/wp\/v2\/pages\/1389\/revisions"}],"predecessor-version":[{"id":1390,"href":"https:\/\/www.ceramiquesest.cat\/es\/wp-json\/wp\/v2\/pages\/1389\/revisions\/1390"}],"wp:attachment":[{"href":"https:\/\/www.ceramiquesest.cat\/es\/wp-json\/wp\/v2\/media?parent=1389"}],"curies":[{"name":"wp","href":"https:\/\/api.w.org\/{rel}","templated":true}]}}