{"id":1457,"date":"2018-08-03T13:17:36","date_gmt":"2018-08-03T13:17:36","guid":{"rendered":"https:\/\/www.ceramiquesest.cat\/contacto\/"},"modified":"2026-02-20T07:59:29","modified_gmt":"2026-02-20T07:59:29","slug":"contacto","status":"publish","type":"page","link":"https:\/\/www.ceramiquesest.cat\/es\/contacto\/","title":{"rendered":"CONTACTO"},"content":{"rendered":"\t\t<div data-elementor-type=\"wp-post\" data-elementor-id=\"1457\" class=\"elementor elementor-1457 elementor-533\" data-elementor-post-type=\"page\">\n\t\t\t\t\t\t<section class=\"elementor-section elementor-top-section elementor-element elementor-element-d234260 elementor-section-full_width elementor-section-height-default elementor-section-height-default\" data-id=\"d234260\" data-element_type=\"section\" data-e-type=\"section\">\n\t\t\t\t\t\t<div class=\"elementor-container elementor-column-gap-no\">\n\t\t\t\t\t<div class=\"elementor-column elementor-col-100 elementor-top-column elementor-element elementor-element-5c0d112\" data-id=\"5c0d112\" data-element_type=\"column\" data-e-type=\"column\">\n\t\t\t<div class=\"elementor-widget-wrap elementor-element-populated\">\n\t\t\t\t\t\t<div class=\"elementor-element elementor-element-0c156a9 elementor-widget elementor-widget-image\" data-id=\"0c156a9\" data-element_type=\"widget\" data-e-type=\"widget\" data-widget_type=\"image.default\">\n\t\t\t\t<div class=\"elementor-widget-container\">\n\t\t\t\t\t\t\t\t\t\t\t\t\t\t\t<img fetchpriority=\"high\" decoding=\"async\" width=\"1920\" height=\"600\" src=\"https:\/\/www.ceramiquesest.cat\/wp-content\/uploads\/2018\/04\/granotes.jpg\" class=\"attachment-full size-full wp-image-845\" alt=\"\" srcset=\"https:\/\/www.ceramiquesest.cat\/wp-content\/uploads\/2018\/04\/granotes.jpg 1920w, https:\/\/www.ceramiquesest.cat\/wp-content\/uploads\/2018\/04\/granotes-300x94.jpg 300w, https:\/\/www.ceramiquesest.cat\/wp-content\/uploads\/2018\/04\/granotes-768x240.jpg 768w, https:\/\/www.ceramiquesest.cat\/wp-content\/uploads\/2018\/04\/granotes-1024x320.jpg 1024w\" sizes=\"(max-width: 1920px) 100vw, 1920px\" \/>\t\t\t\t\t\t\t\t\t\t\t\t\t\t\t<\/div>\n\t\t\t\t<\/div>\n\t\t\t\t\t<\/div>\n\t\t<\/div>\n\t\t\t\t\t<\/div>\n\t\t<\/section>\n\t\t\t\t<section class=\"elementor-section elementor-top-section elementor-element elementor-element-3b5405d elementor-section-full_width elementor-section-height-default elementor-section-height-default\" data-id=\"3b5405d\" data-element_type=\"section\" data-e-type=\"section\">\n\t\t\t\t\t\t<div class=\"elementor-container elementor-column-gap-default\">\n\t\t\t\t\t<div class=\"elementor-column elementor-col-50 elementor-top-column elementor-element elementor-element-c1e7414\" data-id=\"c1e7414\" data-element_type=\"column\" data-e-type=\"column\" data-settings=\"{&quot;background_background&quot;:&quot;classic&quot;}\">\n\t\t\t<div class=\"elementor-widget-wrap elementor-element-populated\">\n\t\t\t\t\t\t<div class=\"elementor-element elementor-element-5f240b61 elementor-widget elementor-widget-heading\" data-id=\"5f240b61\" data-element_type=\"widget\" data-e-type=\"widget\" data-widget_type=\"heading.default\">\n\t\t\t\t<div class=\"elementor-widget-container\">\n\t\t\t\t\t<p class=\"elementor-heading-title elementor-size-default\">INFORMACI\u00d3N DE CONTACTO<\/p>\t\t\t\t<\/div>\n\t\t\t\t<\/div>\n\t\t\t\t<div class=\"elementor-element elementor-element-22ece3d elementor-widget-divider--view-line elementor-widget elementor-widget-divider\" data-id=\"22ece3d\" data-element_type=\"widget\" data-e-type=\"widget\" data-widget_type=\"divider.default\">\n\t\t\t\t<div class=\"elementor-widget-container\">\n\t\t\t\t\t\t\t<div class=\"elementor-divider\">\n\t\t\t<span class=\"elementor-divider-separator\">\n\t\t\t\t\t\t<\/span>\n\t\t<\/div>\n\t\t\t\t\t\t<\/div>\n\t\t\t\t<\/div>\n\t\t\t\t<div class=\"elementor-element elementor-element-5951c6b2 elementor-widget elementor-widget-text-editor\" data-id=\"5951c6b2\" data-element_type=\"widget\" data-e-type=\"widget\" data-widget_type=\"text-editor.default\">\n\t\t\t\t<div class=\"elementor-widget-container\">\n\t\t\t\t\t\t\t\t\t<p>T + 34 972 64 12 18 &#8211; T + 34 972 64 08 51 &#8211; M +34 620 553 945<br \/>info@ceramiquesest.cat<\/p>\n\t\t\t\t\t\t\t\t<\/div>\n\t\t\t\t<\/div>\n\t\t\t\t\t<\/div>\n\t\t<\/div>\n\t\t\t\t<div class=\"elementor-column elementor-col-50 elementor-top-column elementor-element elementor-element-f50fde9\" data-id=\"f50fde9\" data-element_type=\"column\" data-e-type=\"column\" data-settings=\"{&quot;background_background&quot;:&quot;classic&quot;}\">\n\t\t\t<div class=\"elementor-widget-wrap elementor-element-populated\">\n\t\t\t\t\t\t<div class=\"elementor-element elementor-element-950efb6 elementor-widget elementor-widget-heading\" data-id=\"950efb6\" data-element_type=\"widget\" data-e-type=\"widget\" data-widget_type=\"heading.default\">\n\t\t\t\t<div class=\"elementor-widget-container\">\n\t\t\t\t\t<p class=\"elementor-heading-title elementor-size-default\">DONDE ESTAMOS<\/p>\t\t\t\t<\/div>\n\t\t\t\t<\/div>\n\t\t\t\t<div class=\"elementor-element elementor-element-8404164 elementor-widget-divider--view-line elementor-widget elementor-widget-divider\" data-id=\"8404164\" data-element_type=\"widget\" data-e-type=\"widget\" data-widget_type=\"divider.default\">\n\t\t\t\t<div class=\"elementor-widget-container\">\n\t\t\t\t\t\t\t<div class=\"elementor-divider\">\n\t\t\t<span class=\"elementor-divider-separator\">\n\t\t\t\t\t\t<\/span>\n\t\t<\/div>\n\t\t\t\t\t\t<\/div>\n\t\t\t\t<\/div>\n\t\t\t\t<div class=\"elementor-element elementor-element-d0ce1e3 elementor-widget elementor-widget-text-editor\" data-id=\"d0ce1e3\" data-element_type=\"widget\" data-e-type=\"widget\" data-widget_type=\"text-editor.default\">\n\t\t\t\t<div class=\"elementor-widget-container\">\n\t\t\t\t\t\t\t\t\t<p>Direcci\u00f3n de la f\u00e1brica:<br \/>Poligon 8 parcel-la 54, 17111 Vulpellac &#8211; Girona<br \/>La Nave est\u00e1 en el pol\u00edgono industrial<br \/>de Vulpellac del municipio de Forallac detr\u00e1s la Nissan.<\/p>\n\t\t\t\t\t\t\t\t<\/div>\n\t\t\t\t<\/div>\n\t\t\t\t\t<\/div>\n\t\t<\/div>\n\t\t\t\t\t<\/div>\n\t\t<\/section>\n\t\t\t\t<section class=\"elementor-section elementor-top-section elementor-element elementor-element-f64a104 elementor-section-full_width elementor-section-height-default elementor-section-height-default\" data-id=\"f64a104\" data-element_type=\"section\" data-e-type=\"section\">\n\t\t\t\t\t\t<div class=\"elementor-container elementor-column-gap-default\">\n\t\t\t\t\t<div class=\"elementor-column elementor-col-100 elementor-top-column elementor-element elementor-element-e1db8c1\" data-id=\"e1db8c1\" data-element_type=\"column\" data-e-type=\"column\">\n\t\t\t<div class=\"elementor-widget-wrap elementor-element-populated\">\n\t\t\t\t\t\t<div class=\"elementor-element elementor-element-b7e20c0 elementor-widget elementor-widget-google_maps\" data-id=\"b7e20c0\" data-element_type=\"widget\" data-e-type=\"widget\" data-widget_type=\"google_maps.default\">\n\t\t\t\t<div class=\"elementor-widget-container\">\n\t\t\t\t\t\t\t<div class=\"elementor-custom-embed\">\n\t\t\t<iframe loading=\"lazy\"\n\t\t\t\t\tsrc=\"https:\/\/maps.google.com\/maps?q=Diseminado%20Afueras-vul%2C%2022%2C%2017110%2C%20Girona&#038;t=m&#038;z=15&#038;output=embed&#038;iwloc=near\"\n\t\t\t\t\ttitle=\"Diseminado Afueras-vul, 22, 17110, Girona\"\n\t\t\t\t\taria-label=\"Diseminado Afueras-vul, 22, 17110, Girona\"\n\t\t\t><\/iframe>\n\t\t<\/div>\n\t\t\t\t\t\t<\/div>\n\t\t\t\t<\/div>\n\t\t\t\t\t<\/div>\n\t\t<\/div>\n\t\t\t\t\t<\/div>\n\t\t<\/section>\n\t\t\t\t<section class=\"elementor-section elementor-top-section elementor-element elementor-element-2221a6c elementor-section-boxed elementor-section-height-default elementor-section-height-default\" data-id=\"2221a6c\" data-element_type=\"section\" data-e-type=\"section\" data-settings=\"{&quot;background_background&quot;:&quot;classic&quot;}\">\n\t\t\t\t\t\t<div class=\"elementor-container elementor-column-gap-no\">\n\t\t\t\t\t<div class=\"elementor-column elementor-col-100 elementor-top-column elementor-element elementor-element-cdf1418\" data-id=\"cdf1418\" data-element_type=\"column\" data-e-type=\"column\" data-settings=\"{&quot;background_background&quot;:&quot;classic&quot;}\">\n\t\t\t<div class=\"elementor-widget-wrap elementor-element-populated\">\n\t\t\t\t\t\t<div class=\"elementor-element elementor-element-751cbe6 elementor-widget elementor-widget-heading\" data-id=\"751cbe6\" data-element_type=\"widget\" data-e-type=\"widget\" data-widget_type=\"heading.default\">\n\t\t\t\t<div class=\"elementor-widget-container\">\n\t\t\t\t\t<h1 class=\"elementor-heading-title elementor-size-default\">CONTACTA CON CER\u00c1MIQUES EST<\/h1>\t\t\t\t<\/div>\n\t\t\t\t<\/div>\n\t\t\t\t<section class=\"elementor-section elementor-inner-section elementor-element elementor-element-89a33b6 elementor-section-boxed elementor-section-height-default elementor-section-height-default\" data-id=\"89a33b6\" data-element_type=\"section\" data-e-type=\"section\">\n\t\t\t\t\t\t<div class=\"elementor-container elementor-column-gap-default\">\n\t\t\t\t\t<div class=\"elementor-column elementor-col-100 elementor-inner-column elementor-element elementor-element-195e039\" data-id=\"195e039\" data-element_type=\"column\" data-e-type=\"column\">\n\t\t\t<div class=\"elementor-widget-wrap elementor-element-populated\">\n\t\t\t\t\t\t<div class=\"elementor-element elementor-element-d2f5de6 elementor-widget elementor-widget-text-editor\" data-id=\"d2f5de6\" data-element_type=\"widget\" data-e-type=\"widget\" data-widget_type=\"text-editor.default\">\n\t\t\t\t<div class=\"elementor-widget-container\">\n\t\t\t\t\t\t\t\t\t\n<div class=\"wpcf7 no-js\" id=\"wpcf7-f1548-o1\" lang=\"en-US\" dir=\"ltr\" data-wpcf7-id=\"1548\">\n<div class=\"screen-reader-response\"><p role=\"status\" aria-live=\"polite\" aria-atomic=\"true\"><\/p> <ul><\/ul><\/div>\n<form action=\"\/es\/wp-json\/wp\/v2\/pages\/1457#wpcf7-f1548-o1\" method=\"post\" class=\"wpcf7-form init\" aria-label=\"Contact form\" novalidate=\"novalidate\" data-status=\"init\">\n<fieldset class=\"hidden-fields-container\"><input type=\"hidden\" name=\"_wpcf7\" value=\"1548\" \/><input type=\"hidden\" name=\"_wpcf7_version\" value=\"6.1.5\" \/><input type=\"hidden\" name=\"_wpcf7_locale\" value=\"en_US\" \/><input type=\"hidden\" name=\"_wpcf7_unit_tag\" value=\"wpcf7-f1548-o1\" \/><input type=\"hidden\" name=\"_wpcf7_container_post\" value=\"0\" \/><input type=\"hidden\" name=\"_wpcf7_posted_data_hash\" value=\"\" \/><input type=\"hidden\" name=\"_wpcf7_recaptcha_response\" value=\"\" \/>\n<\/fieldset>\n<div class=\"formularicontacte\">\n\t<div class=\"migformulari\">\n\t\t<p><span class=\"wpcf7-form-control-wrap\" data-name=\"text-94\"><input size=\"40\" maxlength=\"400\" class=\"wpcf7-form-control wpcf7-text\" aria-invalid=\"false\" placeholder=\"Nombre\" value=\"\" type=\"text\" name=\"text-94\" \/><\/span><br \/>\n<span class=\"wpcf7-form-control-wrap\" data-name=\"telefono\"><input size=\"40\" maxlength=\"400\" class=\"wpcf7-form-control wpcf7-tel wpcf7-text wpcf7-validates-as-tel\" aria-invalid=\"false\" placeholder=\"Tel\u00e9fono\" value=\"\" type=\"tel\" name=\"telefono\" \/><\/span>\n\t\t<\/p>\n\t<\/div>\n\t<div class=\"migformulari cleft\">\n\t\t<p><span class=\"wpcf7-form-control-wrap\" data-name=\"email-743\"><input size=\"40\" maxlength=\"400\" class=\"wpcf7-form-control wpcf7-email wpcf7-text wpcf7-validates-as-email\" aria-invalid=\"false\" placeholder=\"Correo electr\u00f3nico\" value=\"\" type=\"email\" name=\"email-743\" \/><\/span><br \/>\n<span class=\"wpcf7-form-control-wrap\" data-name=\"textarea-84\"><textarea cols=\"40\" rows=\"3\" maxlength=\"2000\" class=\"wpcf7-form-control wpcf7-textarea\" aria-invalid=\"false\" placeholder=\"Mensaje\" name=\"textarea-84\"><\/textarea><\/span>\n\t\t<\/p>\n\t<\/div>\n\t<p class=\"polipriv\"><span class=\"wpcf7-form-control-wrap\" data-name=\"acceptance-605\"><span class=\"wpcf7-form-control wpcf7-acceptance\"><span class=\"wpcf7-list-item\"><label><input type=\"checkbox\" name=\"acceptance-605\" value=\"1\" aria-invalid=\"false\" \/><span class=\"wpcf7-list-item-label\">Al apretar el bot\u00f3n Enviar, presto mi consentimiento para que los datos personales facilitados en el cuestionario o mail, sean tratados por la empresa, con el fin de contestar mi consulta y enviarme la informaci\u00f3n comercial solicitada. Asimismo declaro que he le\u00eddo y acepto el aviso legal y la pol\u00edtica de privacidad de la empresa. Informamos al interesado que puede revocar el consentimiento prestado en cualquier momento, dirigi\u00e9ndose por escrito a la direcci\u00f3n facilitada por el Resposansable su AVISO LEGAL, y ejercer sus derechos en cualquier momento, de la manera que se describe en nuestra POLITIVA DE PRIVACIDAD<\/span><\/label><\/span><\/span><\/span>\n\t<\/p>\n\t<div class=\"migformulari\">\n\t<span class=\"wpcf7-form-control-wrap recaptcha\" data-name=\"recaptcha\"><span data-sitekey=\"6LeDS5IiAAAAAB_h_qjjqNpAPcmO5iyAAZQQe9uj\" class=\"wpcf7-form-control wpcf7-recaptcha g-recaptcha\"><\/span>\r\n<noscript>\r\n\t<div class=\"grecaptcha-noscript\">\r\n\t\t<iframe src=\"https:\/\/www.google.com\/recaptcha\/api\/fallback?k=6LeDS5IiAAAAAB_h_qjjqNpAPcmO5iyAAZQQe9uj\" frameborder=\"0\" scrolling=\"no\" width=\"310\" height=\"430\">\r\n\t\t<\/iframe>\r\n\t\t<textarea name=\"g-recaptcha-response\" rows=\"3\" cols=\"40\" placeholder=\"reCaptcha Response Here\">\r\n\t\t<\/textarea>\r\n\t<\/div>\r\n<\/noscript>\r\n<\/span>\n\t<\/div>\n\t<p><input class=\"wpcf7-form-control wpcf7-submit has-spinner\" type=\"submit\" value=\"Enviar\" \/>\n\t<\/p>\n<\/div><div class=\"wpcf7-response-output\" aria-hidden=\"true\"><\/div>\n<\/form>\n<\/div>\n\n\t\t\t\t\t\t\t\t<\/div>\n\t\t\t\t<\/div>\n\t\t\t\t<div class=\"elementor-element elementor-element-1e289d3 elementor-widget elementor-widget-text-editor\" data-id=\"1e289d3\" data-element_type=\"widget\" data-e-type=\"widget\" data-widget_type=\"text-editor.default\">\n\t\t\t\t<div class=\"elementor-widget-container\">\n\t\t\t\t\t\t\t\t\t<ul>\r\n \t<li>Responsable de los tratamientos: CERAMIQUES EST SL<\/li>\r\n \t<li>Finalidades: Atender las cuestiones que nos plantee y llevar a cabo el seguimiento de \u00e9stas.<\/li>\r\n \t<li>Derechos: Puede ejercer sus derechos de acceso, rectificaci\u00f3n, supresi\u00f3n y portabilidad de sus datos, de limitaci\u00f3n y oposici\u00f3n a su tratamiento en la forma en que se detalla en la informaci\u00f3n adicional y detallada sobre protecci\u00f3n de datos recogida en la nuestra web.<\/li>\r\n \t<li>Informaci\u00f3n completa sobre el tratamiento de sus datos personales: www.ceramiquesest.cat<\/li>\r\n<\/ul>\t\t\t\t\t\t\t\t<\/div>\n\t\t\t\t<\/div>\n\t\t\t\t\t<\/div>\n\t\t<\/div>\n\t\t\t\t\t<\/div>\n\t\t<\/section>\n\t\t\t\t\t<\/div>\n\t\t<\/div>\n\t\t\t\t\t<\/div>\n\t\t<\/section>\n\t\t\t\t<\/div>\n\t\t","protected":false},"excerpt":{"rendered":"<p>INFORMACI\u00d3N DE CONTACTO T + 34 972 64 12 18 &#8211; T + 34 972 64 08 51 &#8211; M +34 620 553 945info@ceramiquesest.cat DONDE ESTAMOS Direcci\u00f3n de la f\u00e1brica:Poligon 8 parcel-la 54, 17111 Vulpellac &#8211; GironaLa Nave est\u00e1 en el pol\u00edgono industrialde Vulpellac del municipio de Forallac detr\u00e1s la Nissan. CONTACTA CON CER\u00c1MIQUES EST [&hellip;]<\/p>\n","protected":false},"author":2,"featured_media":0,"parent":0,"menu_order":0,"comment_status":"closed","ping_status":"closed","template":"","meta":{"inline_featured_image":false,"site-sidebar-layout":"no-sidebar","site-content-layout":"page-builder","ast-site-content-layout":"default","site-content-style":"default","site-sidebar-style":"default","ast-global-header-display":"","ast-banner-title-visibility":"","ast-main-header-display":"","ast-hfb-above-header-display":"","ast-hfb-below-header-display":"","ast-hfb-mobile-header-display":"","site-post-title":"disabled","ast-breadcrumbs-content":"","ast-featured-img":"disabled","footer-sml-layout":"","ast-disable-related-posts":"","theme-transparent-header-meta":"","adv-header-id-meta":"","stick-header-meta":"","header-above-stick-meta":"","header-main-stick-meta":"","header-below-stick-meta":"","astra-migrate-meta-layouts":"default","ast-page-background-enabled":"default","ast-page-background-meta":{"desktop":{"background-color":"","background-image":"","background-repeat":"repeat","background-position":"center center","background-size":"auto","background-attachment":"scroll","background-type":"","background-media":"","overlay-type":"","overlay-color":"","overlay-opacity":"","overlay-gradient":""},"tablet":{"background-color":"","background-image":"","background-repeat":"repeat","background-position":"center center","background-size":"auto","background-attachment":"scroll","background-type":"","background-media":"","overlay-type":"","overlay-color":"","overlay-opacity":"","overlay-gradient":""},"mobile":{"background-color":"","background-image":"","background-repeat":"repeat","background-position":"center center","background-size":"auto","background-attachment":"scroll","background-type":"","background-media":"","overlay-type":"","overlay-color":"","overlay-opacity":"","overlay-gradient":""}},"ast-content-background-meta":{"desktop":{"background-color":"var(--ast-global-color-5)","background-image":"","background-repeat":"repeat","background-position":"center center","background-size":"auto","background-attachment":"scroll","background-type":"","background-media":"","overlay-type":"","overlay-color":"","overlay-opacity":"","overlay-gradient":""},"tablet":{"background-color":"var(--ast-global-color-5)","background-image":"","background-repeat":"repeat","background-position":"center center","background-size":"auto","background-attachment":"scroll","background-type":"","background-media":"","overlay-type":"","overlay-color":"","overlay-opacity":"","overlay-gradient":""},"mobile":{"background-color":"var(--ast-global-color-5)","background-image":"","background-repeat":"repeat","background-position":"center center","background-size":"auto","background-attachment":"scroll","background-type":"","background-media":"","overlay-type":"","overlay-color":"","overlay-opacity":"","overlay-gradient":""}},"footnotes":""},"class_list":["post-1457","page","type-page","status-publish","hentry"],"yoast_head":"<!-- This site is optimized with the Yoast SEO plugin v26.9 - https:\/\/yoast.com\/product\/yoast-seo-wordpress\/ -->\n<title>Contacta con Cer\u00e0miques Est - \u00bfQuieres fabricar una pieza cer\u00e1mica?<\/title>\n<meta name=\"description\" content=\"Contacta con Cer\u00e0miques Est para fabricar o restaurar cualquier pieza de cer\u00e1mica. \u00bfQuieres comprar piezas de cer\u00e0mica? \u00bfConstruir o reproducir una pieza cer\u00e1mica de nueva creaci\u00f3n? Visitanos en nuestra f\u00e1brica de Vulpellac y descubre todos los productos cer\u00e1micos que tenemos!\" \/>\n<meta name=\"robots\" content=\"index, follow, max-snippet:-1, max-image-preview:large, max-video-preview:-1\" \/>\n<link rel=\"canonical\" href=\"https:\/\/www.ceramiquesest.cat\/es\/contacto\/\" \/>\n<meta property=\"og:locale\" content=\"es_ES\" \/>\n<meta property=\"og:type\" content=\"article\" \/>\n<meta property=\"og:title\" content=\"Contacta con Cer\u00e0miques Est - \u00bfQuieres fabricar una pieza cer\u00e1mica?\" \/>\n<meta property=\"og:description\" content=\"Contacta con Cer\u00e0miques Est para fabricar o restaurar cualquier pieza de cer\u00e1mica. \u00bfQuieres comprar piezas de cer\u00e0mica? \u00bfConstruir o reproducir una pieza cer\u00e1mica de nueva creaci\u00f3n? Visitanos en nuestra f\u00e1brica de Vulpellac y descubre todos los productos cer\u00e1micos que tenemos!\" \/>\n<meta property=\"og:url\" content=\"https:\/\/www.ceramiquesest.cat\/es\/contacto\/\" \/>\n<meta property=\"og:site_name\" content=\"Cer\u00e0miques Est\" \/>\n<meta property=\"article:modified_time\" content=\"2026-02-20T07:59:29+00:00\" \/>\n<meta property=\"og:image\" content=\"https:\/\/www.ceramiquesest.cat\/wp-content\/uploads\/2018\/04\/granotes.jpg\" \/>\n\t<meta property=\"og:image:width\" content=\"1920\" \/>\n\t<meta property=\"og:image:height\" content=\"600\" \/>\n\t<meta property=\"og:image:type\" content=\"image\/jpeg\" \/>\n<meta name=\"twitter:card\" content=\"summary_large_image\" \/>\n<meta name=\"twitter:label1\" content=\"Tiempo de lectura\" \/>\n\t<meta name=\"twitter:data1\" content=\"1 minuto\" \/>\n<script type=\"application\/ld+json\" class=\"yoast-schema-graph\">{\"@context\":\"https:\/\/schema.org\",\"@graph\":[{\"@type\":\"WebPage\",\"@id\":\"https:\/\/www.ceramiquesest.cat\/es\/contacto\/\",\"url\":\"https:\/\/www.ceramiquesest.cat\/es\/contacto\/\",\"name\":\"Contacta con Cer\u00e0miques Est - \u00bfQuieres fabricar una pieza cer\u00e1mica?\",\"isPartOf\":{\"@id\":\"https:\/\/www.ceramiquesest.cat\/#website\"},\"primaryImageOfPage\":{\"@id\":\"https:\/\/www.ceramiquesest.cat\/es\/contacto\/#primaryimage\"},\"image\":{\"@id\":\"https:\/\/www.ceramiquesest.cat\/es\/contacto\/#primaryimage\"},\"thumbnailUrl\":\"https:\/\/www.ceramiquesest.cat\/wp-content\/uploads\/2018\/04\/granotes.jpg\",\"datePublished\":\"2018-08-03T13:17:36+00:00\",\"dateModified\":\"2026-02-20T07:59:29+00:00\",\"description\":\"Contacta con Cer\u00e0miques Est para fabricar o restaurar cualquier pieza de cer\u00e1mica. \u00bfQuieres comprar piezas de cer\u00e0mica? \u00bfConstruir o reproducir una pieza cer\u00e1mica de nueva creaci\u00f3n? Visitanos en nuestra f\u00e1brica de Vulpellac y descubre todos los productos cer\u00e1micos que tenemos!\",\"breadcrumb\":{\"@id\":\"https:\/\/www.ceramiquesest.cat\/es\/contacto\/#breadcrumb\"},\"inLanguage\":\"es\",\"potentialAction\":[{\"@type\":\"ReadAction\",\"target\":[\"https:\/\/www.ceramiquesest.cat\/es\/contacto\/\"]}]},{\"@type\":\"ImageObject\",\"inLanguage\":\"es\",\"@id\":\"https:\/\/www.ceramiquesest.cat\/es\/contacto\/#primaryimage\",\"url\":\"https:\/\/www.ceramiquesest.cat\/wp-content\/uploads\/2018\/04\/granotes.jpg\",\"contentUrl\":\"https:\/\/www.ceramiquesest.cat\/wp-content\/uploads\/2018\/04\/granotes.jpg\"},{\"@type\":\"BreadcrumbList\",\"@id\":\"https:\/\/www.ceramiquesest.cat\/es\/contacto\/#breadcrumb\",\"itemListElement\":[{\"@type\":\"ListItem\",\"position\":1,\"name\":\"Inici\",\"item\":\"https:\/\/www.ceramiquesest.cat\/es\/\"},{\"@type\":\"ListItem\",\"position\":2,\"name\":\"CONTACTO\"}]},{\"@type\":\"WebSite\",\"@id\":\"https:\/\/www.ceramiquesest.cat\/#website\",\"url\":\"https:\/\/www.ceramiquesest.cat\/\",\"name\":\"Cer\u00e0miques Est\",\"description\":\"Fabricaci\u00f3 de cer\u00e0mica i rehabilitaci\u00f3 de peces cer\u00e0miques\",\"potentialAction\":[{\"@type\":\"SearchAction\",\"target\":{\"@type\":\"EntryPoint\",\"urlTemplate\":\"https:\/\/www.ceramiquesest.cat\/?s={search_term_string}\"},\"query-input\":{\"@type\":\"PropertyValueSpecification\",\"valueRequired\":true,\"valueName\":\"search_term_string\"}}],\"inLanguage\":\"es\"}]}<\/script>\n<!-- \/ Yoast SEO plugin. -->","yoast_head_json":{"title":"Contacta con Cer\u00e0miques Est - \u00bfQuieres fabricar una pieza cer\u00e1mica?","description":"Contacta con Cer\u00e0miques Est para fabricar o restaurar cualquier pieza de cer\u00e1mica. \u00bfQuieres comprar piezas de cer\u00e0mica? \u00bfConstruir o reproducir una pieza cer\u00e1mica de nueva creaci\u00f3n? Visitanos en nuestra f\u00e1brica de Vulpellac y descubre todos los productos cer\u00e1micos que tenemos!","robots":{"index":"index","follow":"follow","max-snippet":"max-snippet:-1","max-image-preview":"max-image-preview:large","max-video-preview":"max-video-preview:-1"},"canonical":"https:\/\/www.ceramiquesest.cat\/es\/contacto\/","og_locale":"es_ES","og_type":"article","og_title":"Contacta con Cer\u00e0miques Est - \u00bfQuieres fabricar una pieza cer\u00e1mica?","og_description":"Contacta con Cer\u00e0miques Est para fabricar o restaurar cualquier pieza de cer\u00e1mica. \u00bfQuieres comprar piezas de cer\u00e0mica? \u00bfConstruir o reproducir una pieza cer\u00e1mica de nueva creaci\u00f3n? Visitanos en nuestra f\u00e1brica de Vulpellac y descubre todos los productos cer\u00e1micos que tenemos!","og_url":"https:\/\/www.ceramiquesest.cat\/es\/contacto\/","og_site_name":"Cer\u00e0miques Est","article_modified_time":"2026-02-20T07:59:29+00:00","og_image":[{"width":1920,"height":600,"url":"https:\/\/www.ceramiquesest.cat\/wp-content\/uploads\/2018\/04\/granotes.jpg","type":"image\/jpeg"}],"twitter_card":"summary_large_image","twitter_misc":{"Tiempo de lectura":"1 minuto"},"schema":{"@context":"https:\/\/schema.org","@graph":[{"@type":"WebPage","@id":"https:\/\/www.ceramiquesest.cat\/es\/contacto\/","url":"https:\/\/www.ceramiquesest.cat\/es\/contacto\/","name":"Contacta con Cer\u00e0miques Est - \u00bfQuieres fabricar una pieza cer\u00e1mica?","isPartOf":{"@id":"https:\/\/www.ceramiquesest.cat\/#website"},"primaryImageOfPage":{"@id":"https:\/\/www.ceramiquesest.cat\/es\/contacto\/#primaryimage"},"image":{"@id":"https:\/\/www.ceramiquesest.cat\/es\/contacto\/#primaryimage"},"thumbnailUrl":"https:\/\/www.ceramiquesest.cat\/wp-content\/uploads\/2018\/04\/granotes.jpg","datePublished":"2018-08-03T13:17:36+00:00","dateModified":"2026-02-20T07:59:29+00:00","description":"Contacta con Cer\u00e0miques Est para fabricar o restaurar cualquier pieza de cer\u00e1mica. \u00bfQuieres comprar piezas de cer\u00e0mica? \u00bfConstruir o reproducir una pieza cer\u00e1mica de nueva creaci\u00f3n? Visitanos en nuestra f\u00e1brica de Vulpellac y descubre todos los productos cer\u00e1micos que tenemos!","breadcrumb":{"@id":"https:\/\/www.ceramiquesest.cat\/es\/contacto\/#breadcrumb"},"inLanguage":"es","potentialAction":[{"@type":"ReadAction","target":["https:\/\/www.ceramiquesest.cat\/es\/contacto\/"]}]},{"@type":"ImageObject","inLanguage":"es","@id":"https:\/\/www.ceramiquesest.cat\/es\/contacto\/#primaryimage","url":"https:\/\/www.ceramiquesest.cat\/wp-content\/uploads\/2018\/04\/granotes.jpg","contentUrl":"https:\/\/www.ceramiquesest.cat\/wp-content\/uploads\/2018\/04\/granotes.jpg"},{"@type":"BreadcrumbList","@id":"https:\/\/www.ceramiquesest.cat\/es\/contacto\/#breadcrumb","itemListElement":[{"@type":"ListItem","position":1,"name":"Inici","item":"https:\/\/www.ceramiquesest.cat\/es\/"},{"@type":"ListItem","position":2,"name":"CONTACTO"}]},{"@type":"WebSite","@id":"https:\/\/www.ceramiquesest.cat\/#website","url":"https:\/\/www.ceramiquesest.cat\/","name":"Cer\u00e0miques Est","description":"Fabricaci\u00f3 de cer\u00e0mica i rehabilitaci\u00f3 de peces cer\u00e0miques","potentialAction":[{"@type":"SearchAction","target":{"@type":"EntryPoint","urlTemplate":"https:\/\/www.ceramiquesest.cat\/?s={search_term_string}"},"query-input":{"@type":"PropertyValueSpecification","valueRequired":true,"valueName":"search_term_string"}}],"inLanguage":"es"}]}},"_links":{"self":[{"href":"https:\/\/www.ceramiquesest.cat\/es\/wp-json\/wp\/v2\/pages\/1457","targetHints":{"allow":["GET"]}}],"collection":[{"href":"https:\/\/www.ceramiquesest.cat\/es\/wp-json\/wp\/v2\/pages"}],"about":[{"href":"https:\/\/www.ceramiquesest.cat\/es\/wp-json\/wp\/v2\/types\/page"}],"author":[{"embeddable":true,"href":"https:\/\/www.ceramiquesest.cat\/es\/wp-json\/wp\/v2\/users\/2"}],"replies":[{"embeddable":true,"href":"https:\/\/www.ceramiquesest.cat\/es\/wp-json\/wp\/v2\/comments?post=1457"}],"version-history":[{"count":18,"href":"https:\/\/www.ceramiquesest.cat\/es\/wp-json\/wp\/v2\/pages\/1457\/revisions"}],"predecessor-version":[{"id":8353,"href":"https:\/\/www.ceramiquesest.cat\/es\/wp-json\/wp\/v2\/pages\/1457\/revisions\/8353"}],"wp:attachment":[{"href":"https:\/\/www.ceramiquesest.cat\/es\/wp-json\/wp\/v2\/media?parent=1457"}],"curies":[{"name":"wp","href":"https:\/\/api.w.org\/{rel}","templated":true}]}}