{"id":8254,"date":"2025-12-24T11:41:06","date_gmt":"2025-12-24T11:41:06","guid":{"rendered":"https:\/\/www.ceramiquesest.cat\/?page_id=8254"},"modified":"2025-12-24T11:41:06","modified_gmt":"2025-12-24T11:41:06","slug":"politica-de-privacidad-de-redes-sociales","status":"publish","type":"page","link":"https:\/\/www.ceramiquesest.cat\/es\/politica-de-privacidad-de-redes-sociales\/","title":{"rendered":"POL\u00cdTICA DE PRIVACIDAD DE REDES SOCIALES"},"content":{"rendered":"\t\t<div data-elementor-type=\"wp-post\" data-elementor-id=\"8254\" class=\"elementor elementor-8254 elementor-8253\" data-elementor-post-type=\"page\">\n\t\t\t\t\t\t<section class=\"elementor-section elementor-top-section elementor-element elementor-element-d11fc3b poliprivtxt elementor-section-boxed elementor-section-height-default elementor-section-height-default\" data-id=\"d11fc3b\" data-element_type=\"section\" data-e-type=\"section\">\n\t\t\t\t\t\t<div class=\"elementor-container elementor-column-gap-default\">\n\t\t\t\t\t<div class=\"elementor-column elementor-col-100 elementor-top-column elementor-element elementor-element-b1bcb9d\" data-id=\"b1bcb9d\" data-element_type=\"column\" data-e-type=\"column\">\n\t\t\t<div class=\"elementor-widget-wrap elementor-element-populated\">\n\t\t\t\t\t\t<div class=\"elementor-element elementor-element-ea7ea07 elementor-widget elementor-widget-text-editor\" data-id=\"ea7ea07\" data-element_type=\"widget\" data-e-type=\"widget\" data-widget_type=\"text-editor.default\">\n\t\t\t\t<div class=\"elementor-widget-container\">\n\t\t\t\t\t\t\t\t\t<h1>POL\u00cdTICA DE PRIVACIDAD DE REDES SOCIALES<\/h1><br><p>De conformidad con el Reglamento Europeo de Protecci\u00f3n de Datos 2016\/679, de 27 de abril, y con la Ley 34\/2002,\r\nde 11 de julio, de Servicios de la Sociedad de la Informaci\u00f3n y de Comercio Electr\u00f3nico (LSSI-CE), la empresa\r\nCER\u00c1MICAS ESTE, S.L., con n\u00famero de CIF B17284530 y domicilio en el Pol. 8, Parcela 54 &#8211; 17111 Vulpellac\r\n(Girona), con el fin de dar cumplimiento a las obligaciones que se establecen:<\/p><br><p>Informa que el dominio web <a href=\"https:\/\/www.ceramiquesest.cat\/es\/\" rel=\"noopener nofollow noreferrer\">www.ceramiquesest.cat<\/a> utiliza la red social INSTAGRAM con la finalidad principal de\r\npublicitarse.<\/p><br><p>Informa igualmente que la obtenci\u00f3n de datos que se produzca como consecuencia del uso de las redes sociales desde la cuenta del usuario hacia alguna de las cuentas mencionadas, titularidad de CER\u00c1MICAS ESTE, S.L., se utilizar\u00e1 \u00fanicamente dentro de la propia red social y pasar\u00e1 a formar parte del Registro de Actividades del Tratamiento de datos almacenados en la misma.<br\/> perjuicio que se pueda informar de forma expresa sobre un tratamiento concreto de datos sometido a otras condiciones.<\/p> <p>El usuario dispone de un perfil en la misma red social y ha decidido unirse a la p\u00e1gina creada por CER\u00c1MICAS EST, S.L., mostrando as\u00ed inter\u00e9s por la informaci\u00f3n que se publique. Al unirse a la p\u00e1gina de CER\u00c1MICAS EST, S.L., facilita el consentimiento para el tratamiento de los datos personales contenidos en su perfil.<\/p> <p>CER\u00c1MICAS EST, S.L. garantiza la protecci\u00f3n de los datos de acuerdo con lo que dispone la legislaci\u00f3n aplicable. A tal efecto, adoptar\u00e1 las medidas legales, t\u00e9cnicas y organizativas necesarias para evitar la p\u00e9rdida, mal uso, alteraci\u00f3n, acceso no autorizado o robo de los datos personales facilitados, teniendo en cuenta el estado de la tecnolog\u00eda, la naturaleza de los datos recogidos, los riesgos a los que se encuentran expuestas, as\u00ed como los posibles da\u00f1os o perjuicios que pudieran causarse a los interesados. En consecuencia, se da cumplimiento al deber de respetar la privacidad de los usuarios y al secreto y seguridad de sus datos personales.<\/p> <p>Los datos se utilizar\u00e1n exclusivamente para la finalidad para la que fueron recogidos y s\u00f3lo se obtendr\u00e1n aqu\u00e9llas que sean adecuadas, pertinentes y estrictamente necesarias para alcanzar la finalidad para el tratamiento personal en base a la leg\u00edtima. del interesado en unirse a la p\u00e1gina de CER\u00c1MICAS ESTE, S.L. Este consentimiento expreso, libre y voluntario relativo al tratamiento de los datos del usuario se extiende expl\u00edcitamente a aquellos datos personales publicados en su perfil.<\/P> <P>El usuario puede acceder en cualquier momento a las pol\u00edticas de privacidad de la propia red social, con la posibilidad de configurar su perfil para garantizar su privacidad. CER\u00c1MICAS ESTE, S.L. est\u00e1 facultada para acceder y tratar aquella informaci\u00f3n p\u00fablica del usuario, con singular inter\u00e9s por el nombre de contacto.<\/p><br><p>El usuario puede ejercer los derechos de acceso, rectificaci\u00f3n, supresi\u00f3n, oposici\u00f3n, portabilidad y limitaci\u00f3n a la direcci\u00f3n indicada anteriormente. Asimismo, el usuario debe ser conocedor de las peculiaridades de las redes sociales y de las limitaciones de CER\u00c1MICAS EST, S.L. en relaci\u00f3n a la aplicaci\u00f3n de estos derechos. Si el usuario tiene alguna duda al respecto, podr\u00e1 consultar las particularidades de cada red social en sus propias cl\u00e1usulas legales.<\/p> <p>El usuario es responsable de todo el contenido publicado en los perfiles de redes sociales pertenecientes a CER\u00c1MICAS EST, S.L. y es el \u00fanico responsable de las publicaciones que realice. Est\u00e1n prohibidas las publicaciones con contenidos que no se ajusten a la legalidad vigente.<\/p> <p>Los datos personales facilitados a CER\u00c1MICAS EST, S.L. se conservar\u00e1n hasta que el interesado no solicite la supresi\u00f3n o rectificaci\u00f3n, se oponga al tratamiento de sus datos o retire el consentimiento. En cualquier caso, durante el per\u00edodo legalmente establecido.<\/P> <P>No obstante, y sin perjuicio de lo anterior, los datos ser\u00e1n conservados y debidamente restringidos, a disposici\u00f3n exclusiva de los Jueces y Tribunales, del Ministerio Fiscal o de las administraciones p\u00fablicas competentes, en particular de la AEPD o del organismo auton\u00f3mico con competencias similares.<\/p> <p>A continuaci\u00f3n, se sociales: Instagram: <a href=\"https:\/\/www.instagram.com\/accounts\/login\/?next=\/legal\/terms\" rel=\"nofollow noreferrer noopener\" target=\"_blank\">https:\/\/www.instagram.com\/accounts\/login\/?next=\/legal\/terms<\/a><\/p>\t\t\t\t\t\t\t\t<\/div>\n\t\t\t\t<\/div>\n\t\t\t\t\t<\/div>\n\t\t<\/div>\n\t\t\t\t\t<\/div>\n\t\t<\/section>\n\t\t\t\t<\/div>\n\t\t","protected":false},"excerpt":{"rendered":"<p>POL\u00cdTICA DE PRIVACIDAD DE REDES SOCIALES De conformidad con el Reglamento Europeo de Protecci\u00f3n de Datos 2016\/679, de 27 de abril, y con la Ley 34\/2002, de 11 de julio, de Servicios de la Sociedad de la Informaci\u00f3n y de Comercio Electr\u00f3nico (LSSI-CE), la empresa CER\u00c1MICAS ESTE, S.L., con n\u00famero de CIF B17284530 y domicilio [&hellip;]<\/p>\n","protected":false},"author":2,"featured_media":0,"parent":0,"menu_order":0,"comment_status":"closed","ping_status":"closed","template":"elementor_header_footer","meta":{"inline_featured_image":false,"site-sidebar-layout":"default","site-content-layout":"default","ast-site-content-layout":"default","site-content-style":"default","site-sidebar-style":"default","ast-global-header-display":"","ast-banner-title-visibility":"","ast-main-header-display":"","ast-hfb-above-header-display":"","ast-hfb-below-header-display":"","ast-hfb-mobile-header-display":"","site-post-title":"","ast-breadcrumbs-content":"","ast-featured-img":"","footer-sml-layout":"","ast-disable-related-posts":"","theme-transparent-header-meta":"","adv-header-id-meta":"","stick-header-meta":"","header-above-stick-meta":"","header-main-stick-meta":"","header-below-stick-meta":"","astra-migrate-meta-layouts":"default","ast-page-background-enabled":"default","ast-page-background-meta":{"desktop":{"background-color":"","background-image":"","background-repeat":"repeat","background-position":"center center","background-size":"auto","background-attachment":"scroll","background-type":"","background-media":"","overlay-type":"","overlay-color":"","overlay-opacity":"","overlay-gradient":""},"tablet":{"background-color":"","background-image":"","background-repeat":"repeat","background-position":"center center","background-size":"auto","background-attachment":"scroll","background-type":"","background-media":"","overlay-type":"","overlay-color":"","overlay-opacity":"","overlay-gradient":""},"mobile":{"background-color":"","background-image":"","background-repeat":"repeat","background-position":"center center","background-size":"auto","background-attachment":"scroll","background-type":"","background-media":"","overlay-type":"","overlay-color":"","overlay-opacity":"","overlay-gradient":""}},"ast-content-background-meta":{"desktop":{"background-color":"var(--ast-global-color-5)","background-image":"","background-repeat":"repeat","background-position":"center center","background-size":"auto","background-attachment":"scroll","background-type":"","background-media":"","overlay-type":"","overlay-color":"","overlay-opacity":"","overlay-gradient":""},"tablet":{"background-color":"var(--ast-global-color-5)","background-image":"","background-repeat":"repeat","background-position":"center center","background-size":"auto","background-attachment":"scroll","background-type":"","background-media":"","overlay-type":"","overlay-color":"","overlay-opacity":"","overlay-gradient":""},"mobile":{"background-color":"var(--ast-global-color-5)","background-image":"","background-repeat":"repeat","background-position":"center center","background-size":"auto","background-attachment":"scroll","background-type":"","background-media":"","overlay-type":"","overlay-color":"","overlay-opacity":"","overlay-gradient":""}},"footnotes":""},"class_list":["post-8254","page","type-page","status-publish","hentry"],"yoast_head":"<!-- This site is optimized with the Yoast SEO plugin v26.9 - https:\/\/yoast.com\/product\/yoast-seo-wordpress\/ -->\n<title>POL\u00cdTICA DE PRIVACIDAD DE REDES SOCIALES - Cer\u00e0miques Est<\/title>\n<meta name=\"robots\" content=\"noindex, nofollow\" \/>\n<meta property=\"og:locale\" content=\"es_ES\" \/>\n<meta property=\"og:type\" content=\"article\" \/>\n<meta property=\"og:title\" content=\"POL\u00cdTICA DE PRIVACIDAD DE REDES SOCIALES - Cer\u00e0miques Est\" \/>\n<meta property=\"og:description\" content=\"POL\u00cdTICA DE PRIVACIDAD DE REDES SOCIALES De conformidad con el Reglamento Europeo de Protecci\u00f3n de Datos 2016\/679, de 27 de abril, y con la Ley 34\/2002, de 11 de julio, de Servicios de la Sociedad de la Informaci\u00f3n y de Comercio Electr\u00f3nico (LSSI-CE), la empresa CER\u00c1MICAS ESTE, S.L., con n\u00famero de CIF B17284530 y domicilio [&hellip;]\" \/>\n<meta property=\"og:url\" content=\"https:\/\/www.ceramiquesest.cat\/es\/politica-de-privacidad-de-redes-sociales\/\" \/>\n<meta property=\"og:site_name\" content=\"Cer\u00e0miques Est\" \/>\n<meta name=\"twitter:card\" content=\"summary_large_image\" \/>\n<meta name=\"twitter:label1\" content=\"Tiempo de lectura\" \/>\n\t<meta name=\"twitter:data1\" content=\"4 minutos\" \/>\n<script type=\"application\/ld+json\" class=\"yoast-schema-graph\">{\"@context\":\"https:\/\/schema.org\",\"@graph\":[{\"@type\":\"WebPage\",\"@id\":\"https:\/\/www.ceramiquesest.cat\/es\/politica-de-privacidad-de-redes-sociales\/\",\"url\":\"https:\/\/www.ceramiquesest.cat\/es\/politica-de-privacidad-de-redes-sociales\/\",\"name\":\"POL\u00cdTICA DE PRIVACIDAD DE REDES SOCIALES - Cer\u00e0miques Est\",\"isPartOf\":{\"@id\":\"https:\/\/www.ceramiquesest.cat\/#website\"},\"datePublished\":\"2025-12-24T11:41:06+00:00\",\"breadcrumb\":{\"@id\":\"https:\/\/www.ceramiquesest.cat\/es\/politica-de-privacidad-de-redes-sociales\/#breadcrumb\"},\"inLanguage\":\"es\",\"potentialAction\":[{\"@type\":\"ReadAction\",\"target\":[\"https:\/\/www.ceramiquesest.cat\/es\/politica-de-privacidad-de-redes-sociales\/\"]}]},{\"@type\":\"BreadcrumbList\",\"@id\":\"https:\/\/www.ceramiquesest.cat\/es\/politica-de-privacidad-de-redes-sociales\/#breadcrumb\",\"itemListElement\":[{\"@type\":\"ListItem\",\"position\":1,\"name\":\"Inici\",\"item\":\"https:\/\/www.ceramiquesest.cat\/es\/\"},{\"@type\":\"ListItem\",\"position\":2,\"name\":\"POL\u00cdTICA DE PRIVACIDAD DE REDES SOCIALES\"}]},{\"@type\":\"WebSite\",\"@id\":\"https:\/\/www.ceramiquesest.cat\/#website\",\"url\":\"https:\/\/www.ceramiquesest.cat\/\",\"name\":\"Cer\u00e0miques Est\",\"description\":\"Fabricaci\u00f3 de cer\u00e0mica i rehabilitaci\u00f3 de peces cer\u00e0miques\",\"potentialAction\":[{\"@type\":\"SearchAction\",\"target\":{\"@type\":\"EntryPoint\",\"urlTemplate\":\"https:\/\/www.ceramiquesest.cat\/?s={search_term_string}\"},\"query-input\":{\"@type\":\"PropertyValueSpecification\",\"valueRequired\":true,\"valueName\":\"search_term_string\"}}],\"inLanguage\":\"es\"}]}<\/script>\n<!-- \/ Yoast SEO plugin. -->","yoast_head_json":{"title":"POL\u00cdTICA DE PRIVACIDAD DE REDES SOCIALES - Cer\u00e0miques Est","robots":{"index":"noindex","follow":"nofollow"},"og_locale":"es_ES","og_type":"article","og_title":"POL\u00cdTICA DE PRIVACIDAD DE REDES SOCIALES - Cer\u00e0miques Est","og_description":"POL\u00cdTICA DE PRIVACIDAD DE REDES SOCIALES De conformidad con el Reglamento Europeo de Protecci\u00f3n de Datos 2016\/679, de 27 de abril, y con la Ley 34\/2002, de 11 de julio, de Servicios de la Sociedad de la Informaci\u00f3n y de Comercio Electr\u00f3nico (LSSI-CE), la empresa CER\u00c1MICAS ESTE, S.L., con n\u00famero de CIF B17284530 y domicilio [&hellip;]","og_url":"https:\/\/www.ceramiquesest.cat\/es\/politica-de-privacidad-de-redes-sociales\/","og_site_name":"Cer\u00e0miques Est","twitter_card":"summary_large_image","twitter_misc":{"Tiempo de lectura":"4 minutos"},"schema":{"@context":"https:\/\/schema.org","@graph":[{"@type":"WebPage","@id":"https:\/\/www.ceramiquesest.cat\/es\/politica-de-privacidad-de-redes-sociales\/","url":"https:\/\/www.ceramiquesest.cat\/es\/politica-de-privacidad-de-redes-sociales\/","name":"POL\u00cdTICA DE PRIVACIDAD DE REDES SOCIALES - Cer\u00e0miques Est","isPartOf":{"@id":"https:\/\/www.ceramiquesest.cat\/#website"},"datePublished":"2025-12-24T11:41:06+00:00","breadcrumb":{"@id":"https:\/\/www.ceramiquesest.cat\/es\/politica-de-privacidad-de-redes-sociales\/#breadcrumb"},"inLanguage":"es","potentialAction":[{"@type":"ReadAction","target":["https:\/\/www.ceramiquesest.cat\/es\/politica-de-privacidad-de-redes-sociales\/"]}]},{"@type":"BreadcrumbList","@id":"https:\/\/www.ceramiquesest.cat\/es\/politica-de-privacidad-de-redes-sociales\/#breadcrumb","itemListElement":[{"@type":"ListItem","position":1,"name":"Inici","item":"https:\/\/www.ceramiquesest.cat\/es\/"},{"@type":"ListItem","position":2,"name":"POL\u00cdTICA DE PRIVACIDAD DE REDES SOCIALES"}]},{"@type":"WebSite","@id":"https:\/\/www.ceramiquesest.cat\/#website","url":"https:\/\/www.ceramiquesest.cat\/","name":"Cer\u00e0miques Est","description":"Fabricaci\u00f3 de cer\u00e0mica i rehabilitaci\u00f3 de peces cer\u00e0miques","potentialAction":[{"@type":"SearchAction","target":{"@type":"EntryPoint","urlTemplate":"https:\/\/www.ceramiquesest.cat\/?s={search_term_string}"},"query-input":{"@type":"PropertyValueSpecification","valueRequired":true,"valueName":"search_term_string"}}],"inLanguage":"es"}]}},"_links":{"self":[{"href":"https:\/\/www.ceramiquesest.cat\/es\/wp-json\/wp\/v2\/pages\/8254","targetHints":{"allow":["GET"]}}],"collection":[{"href":"https:\/\/www.ceramiquesest.cat\/es\/wp-json\/wp\/v2\/pages"}],"about":[{"href":"https:\/\/www.ceramiquesest.cat\/es\/wp-json\/wp\/v2\/types\/page"}],"author":[{"embeddable":true,"href":"https:\/\/www.ceramiquesest.cat\/es\/wp-json\/wp\/v2\/users\/2"}],"replies":[{"embeddable":true,"href":"https:\/\/www.ceramiquesest.cat\/es\/wp-json\/wp\/v2\/comments?post=8254"}],"version-history":[{"count":3,"href":"https:\/\/www.ceramiquesest.cat\/es\/wp-json\/wp\/v2\/pages\/8254\/revisions"}],"predecessor-version":[{"id":8293,"href":"https:\/\/www.ceramiquesest.cat\/es\/wp-json\/wp\/v2\/pages\/8254\/revisions\/8293"}],"wp:attachment":[{"href":"https:\/\/www.ceramiquesest.cat\/es\/wp-json\/wp\/v2\/media?parent=8254"}],"curies":[{"name":"wp","href":"https:\/\/api.w.org\/{rel}","templated":true}]}}