{"id":1593,"date":"2018-08-13T11:08:03","date_gmt":"2018-08-13T11:08:03","guid":{"rendered":"https:\/\/www.ceramiquesest.cat\/balustrade\/"},"modified":"2018-08-13T11:08:29","modified_gmt":"2018-08-13T11:08:29","slug":"balustrade","status":"publish","type":"page","link":"https:\/\/www.ceramiquesest.cat\/fr\/balustrade\/","title":{"rendered":"BALUSTRADE"},"content":{"rendered":"\t\t<div data-elementor-type=\"wp-post\" data-elementor-id=\"1593\" class=\"elementor elementor-1593 elementor-1099 elementor-bc-flex-widget\" data-elementor-post-type=\"page\">\n\t\t\t\t\t\t<section class=\"elementor-section elementor-top-section elementor-element elementor-element-2a270d56 elementor-section-full_width elementor-section-height-default elementor-section-height-default\" data-id=\"2a270d56\" data-element_type=\"section\" data-e-type=\"section\">\n\t\t\t\t\t\t<div class=\"elementor-container elementor-column-gap-default\">\n\t\t\t\t\t<div class=\"elementor-column elementor-col-50 elementor-top-column elementor-element elementor-element-4f390859\" data-id=\"4f390859\" data-element_type=\"column\" data-e-type=\"column\" data-settings=\"{&quot;background_background&quot;:&quot;classic&quot;}\">\n\t\t\t<div class=\"elementor-widget-wrap elementor-element-populated\">\n\t\t\t\t\t\t<div class=\"elementor-element elementor-element-609beebe elementor-widget elementor-widget-spacer\" data-id=\"609beebe\" data-element_type=\"widget\" data-e-type=\"widget\" data-widget_type=\"spacer.default\">\n\t\t\t\t<div class=\"elementor-widget-container\">\n\t\t\t\t\t\t\t<div class=\"elementor-spacer\">\n\t\t\t<div class=\"elementor-spacer-inner\"><\/div>\n\t\t<\/div>\n\t\t\t\t\t\t<\/div>\n\t\t\t\t<\/div>\n\t\t\t\t\t<\/div>\n\t\t<\/div>\n\t\t\t\t<div class=\"elementor-column elementor-col-50 elementor-top-column elementor-element elementor-element-21185ca4\" data-id=\"21185ca4\" data-element_type=\"column\" data-e-type=\"column\" data-settings=\"{&quot;background_background&quot;:&quot;classic&quot;}\">\n\t\t\t<div class=\"elementor-widget-wrap elementor-element-populated\">\n\t\t\t\t\t\t<div class=\"elementor-element elementor-element-19f64fa9 elementor-widget elementor-widget-text-editor\" data-id=\"19f64fa9\" data-element_type=\"widget\" data-e-type=\"widget\" data-widget_type=\"text-editor.default\">\n\t\t\t\t<div class=\"elementor-widget-container\">\n\t\t\t\t\t\t\t\t\t<p>BALUSTRADE:<br \/>\nFABRICATION DE<br \/>\nRAMPES<br \/>\nET MAINS COURANTES<br \/>\nEN C\u00c9RAMIQUE<\/p>\n\t\t\t\t\t\t\t\t<\/div>\n\t\t\t\t<\/div>\n\t\t\t\t\t<\/div>\n\t\t<\/div>\n\t\t\t\t\t<\/div>\n\t\t<\/section>\n\t\t\t\t<section class=\"elementor-section elementor-top-section elementor-element elementor-element-4854a87 elementor-section-boxed elementor-section-height-default elementor-section-height-default\" data-id=\"4854a87\" data-element_type=\"section\" data-e-type=\"section\" data-settings=\"{&quot;background_background&quot;:&quot;classic&quot;}\">\n\t\t\t\t\t\t<div class=\"elementor-container elementor-column-gap-default\">\n\t\t\t\t\t<div class=\"elementor-column elementor-col-100 elementor-top-column elementor-element elementor-element-036e529\" data-id=\"036e529\" data-element_type=\"column\" data-e-type=\"column\">\n\t\t\t<div class=\"elementor-widget-wrap elementor-element-populated\">\n\t\t\t\t\t\t<div class=\"elementor-element elementor-element-0eaa68c elementor-widget elementor-widget-heading\" data-id=\"0eaa68c\" data-element_type=\"widget\" data-e-type=\"widget\" data-widget_type=\"heading.default\">\n\t\t\t\t<div class=\"elementor-widget-container\">\n\t\t\t\t\t<h2 class=\"elementor-heading-title elementor-size-default\">Nous fabriquons toutes les pi\u00e8ces en c\u00e9ramiques pour votre balustrade<\/h2>\t\t\t\t<\/div>\n\t\t\t\t<\/div>\n\t\t\t\t<div class=\"elementor-element elementor-element-c404ad7 elementor-widget elementor-widget-text-editor\" data-id=\"c404ad7\" data-element_type=\"widget\" data-e-type=\"widget\" data-widget_type=\"text-editor.default\">\n\t\t\t\t<div class=\"elementor-widget-container\">\n\t\t\t\t\t\t\t\t\t<p style=\"margin-bottom:0px;\">Nous avons diff\u00e9rents mod\u00e8les, de couleurs et mesures vari\u00e9es, afin de nous adapter \u00e0 toutes les maisons ou b\u00e2timents. La balustrade donne de la personnalit\u00e9 \u00e0 n&rsquo;importe quel balcons, t\u00e9rasses, escaliers, d\u00e9corations de jardin et plus encore.<\/p>\n\t\t\t\t\t\t\t\t<\/div>\n\t\t\t\t<\/div>\n\t\t\t\t<div class=\"elementor-element elementor-element-d63e58f elementor--h-position-center elementor--v-position-middle elementor-arrows-position-inside elementor-widget elementor-widget-slides\" data-id=\"d63e58f\" data-element_type=\"widget\" data-e-type=\"widget\" data-settings=\"{&quot;navigation&quot;:&quot;arrows&quot;,&quot;autoplay&quot;:&quot;yes&quot;,&quot;pause_on_hover&quot;:&quot;yes&quot;,&quot;pause_on_interaction&quot;:&quot;yes&quot;,&quot;autoplay_speed&quot;:5000,&quot;infinite&quot;:&quot;yes&quot;,&quot;transition&quot;:&quot;slide&quot;,&quot;transition_speed&quot;:500}\" data-widget_type=\"slides.default\">\n\t\t\t\t<div class=\"elementor-widget-container\">\n\t\t\t\t\t\t\t\t\t<div class=\"elementor-swiper\">\n\t\t\t\t\t<div class=\"elementor-slides-wrapper elementor-main-swiper swiper\" role=\"region\" aria-roledescription=\"carousel\" aria-label=\"Diapositives\" dir=\"ltr\" data-animation=\"fadeInUp\">\n\t\t\t\t<div class=\"swiper-wrapper elementor-slides\">\n\t\t\t\t\t\t\t\t\t\t<div class=\"elementor-repeater-item-bb84925 swiper-slide\" role=\"group\" aria-roledescription=\"slide\"><div class=\"swiper-slide-bg\" role=\"img\" aria-label=\"balustrada-1\"><\/div><div class=\"swiper-slide-inner\" ><div class=\"swiper-slide-contents\"><\/div><\/div><\/div><div class=\"elementor-repeater-item-2eafcab swiper-slide\" role=\"group\" aria-roledescription=\"slide\"><div class=\"swiper-slide-bg\" role=\"img\" aria-label=\"balustrada-2\"><\/div><div class=\"swiper-slide-inner\" ><div class=\"swiper-slide-contents\"><\/div><\/div><\/div><div class=\"elementor-repeater-item-90924f7 swiper-slide\" role=\"group\" aria-roledescription=\"slide\"><div class=\"swiper-slide-bg\" role=\"img\" aria-label=\"balustrada-3\"><\/div><div class=\"swiper-slide-inner\" ><div class=\"swiper-slide-contents\"><\/div><\/div><\/div><div class=\"elementor-repeater-item-26b4b51 swiper-slide\" role=\"group\" aria-roledescription=\"slide\"><div class=\"swiper-slide-bg\" role=\"img\" aria-label=\"balustrada-4\"><\/div><div class=\"swiper-slide-inner\" ><div class=\"swiper-slide-contents\"><\/div><\/div><\/div><div class=\"elementor-repeater-item-4f10f32 swiper-slide\" role=\"group\" aria-roledescription=\"slide\"><div class=\"swiper-slide-bg\" role=\"img\" aria-label=\"balustrada-5\"><\/div><div class=\"swiper-slide-inner\" ><div class=\"swiper-slide-contents\"><\/div><\/div><\/div>\t\t\t\t<\/div>\n\t\t\t\t\t\t\t\t\t\t\t\t\t\t\t<div class=\"elementor-swiper-button elementor-swiper-button-prev\" role=\"button\" tabindex=\"0\" aria-label=\"Diapositive pr\u00e9c\u00e9dente\">\n\t\t\t\t\t\t\t<i aria-hidden=\"true\" class=\"eicon-chevron-left\"><\/i>\t\t\t\t\t\t<\/div>\n\t\t\t\t\t\t<div class=\"elementor-swiper-button elementor-swiper-button-next\" role=\"button\" tabindex=\"0\" aria-label=\"Diapositive suivante\">\n\t\t\t\t\t\t\t<i aria-hidden=\"true\" class=\"eicon-chevron-right\"><\/i>\t\t\t\t\t\t<\/div>\n\t\t\t\t\t\t\t\t\t\t\t\t\t\t\t\t\t<\/div>\n\t\t\t\t<\/div>\n\t\t\t\t\t\t\t\t<\/div>\n\t\t\t\t<\/div>\n\t\t\t\t<div class=\"elementor-element elementor-element-4ec41f8 elementor-widget elementor-widget-heading\" data-id=\"4ec41f8\" data-element_type=\"widget\" data-e-type=\"widget\" data-widget_type=\"heading.default\">\n\t\t\t\t<div class=\"elementor-widget-container\">\n\t\t\t\t\t<h2 class=\"elementor-heading-title elementor-size-default\">Nous r\u00e9novons des balustrades cass\u00e9es ou ab\u00eem\u00e9es<\/h2>\t\t\t\t<\/div>\n\t\t\t\t<\/div>\n\t\t\t\t<div class=\"elementor-element elementor-element-89f2877 elementor-widget-divider--view-line elementor-widget elementor-widget-divider\" data-id=\"89f2877\" data-element_type=\"widget\" data-e-type=\"widget\" data-widget_type=\"divider.default\">\n\t\t\t\t<div class=\"elementor-widget-container\">\n\t\t\t\t\t\t\t<div class=\"elementor-divider\">\n\t\t\t<span class=\"elementor-divider-separator\">\n\t\t\t\t\t\t<\/span>\n\t\t<\/div>\n\t\t\t\t\t\t<\/div>\n\t\t\t\t<\/div>\n\t\t\t\t<div class=\"elementor-element elementor-element-0921ea2 elementor-widget elementor-widget-text-editor\" data-id=\"0921ea2\" data-element_type=\"widget\" data-e-type=\"widget\" data-widget_type=\"text-editor.default\">\n\t\t\t\t<div class=\"elementor-widget-container\">\n\t\t\t\t\t\t\t\t\t<p>Si vous voulez r\u00e9nover votre vieille balustrade , nous faisons un moule \u00e0 partir d&rsquo;une pi\u00e8ce et la  reproduisons \u00e0 l&rsquo;identique, en forme et couleur.<\/p>\n\t\t\t\t\t\t\t\t<\/div>\n\t\t\t\t<\/div>\n\t\t\t\t<div class=\"elementor-element elementor-element-4f97448 elementor-align-center elementor-widget elementor-widget-button\" data-id=\"4f97448\" data-element_type=\"widget\" data-e-type=\"widget\" data-widget_type=\"button.default\">\n\t\t\t\t<div class=\"elementor-widget-container\">\n\t\t\t\t\t\t\t\t\t<div class=\"elementor-button-wrapper\">\n\t\t\t\t\t<a class=\"elementor-button elementor-button-link elementor-size-lg\" href=\"https:\/\/www.ceramiquesest.cat\/fr\/renovation\/\">\n\t\t\t\t\t\t<span class=\"elementor-button-content-wrapper\">\n\t\t\t\t\t\t\t\t\t<span class=\"elementor-button-text\">RESTAURATION<\/span>\n\t\t\t\t\t<\/span>\n\t\t\t\t\t<\/a>\n\t\t\t\t<\/div>\n\t\t\t\t\t\t\t\t<\/div>\n\t\t\t\t<\/div>\n\t\t\t\t\t<\/div>\n\t\t<\/div>\n\t\t\t\t\t<\/div>\n\t\t<\/section>\n\t\t\t\t<\/div>\n\t\t","protected":false},"excerpt":{"rendered":"<p>BALUSTRADE: FABRICATION DE RAMPES ET MAINS COURANTES EN C\u00c9RAMIQUE Nous fabriquons toutes les pi\u00e8ces en c\u00e9ramiques pour votre balustrade Nous avons diff\u00e9rents mod\u00e8les, de couleurs et mesures vari\u00e9es, afin de nous adapter \u00e0 toutes les maisons ou b\u00e2timents. La balustrade donne de la personnalit\u00e9 \u00e0 n&rsquo;importe quel balcons, t\u00e9rasses, escaliers, d\u00e9corations de jardin et plus [&hellip;]<\/p>\n","protected":false},"author":2,"featured_media":0,"parent":0,"menu_order":0,"comment_status":"closed","ping_status":"closed","template":"","meta":{"inline_featured_image":false,"site-sidebar-layout":"no-sidebar","site-content-layout":"page-builder","ast-site-content-layout":"default","site-content-style":"default","site-sidebar-style":"default","ast-global-header-display":"","ast-banner-title-visibility":"","ast-main-header-display":"","ast-hfb-above-header-display":"","ast-hfb-below-header-display":"","ast-hfb-mobile-header-display":"","site-post-title":"disabled","ast-breadcrumbs-content":"","ast-featured-img":"disabled","footer-sml-layout":"","ast-disable-related-posts":"","theme-transparent-header-meta":"","adv-header-id-meta":"","stick-header-meta":"","header-above-stick-meta":"","header-main-stick-meta":"","header-below-stick-meta":"","astra-migrate-meta-layouts":"default","ast-page-background-enabled":"default","ast-page-background-meta":{"desktop":{"background-color":"","background-image":"","background-repeat":"repeat","background-position":"center center","background-size":"auto","background-attachment":"scroll","background-type":"","background-media":"","overlay-type":"","overlay-color":"","overlay-opacity":"","overlay-gradient":""},"tablet":{"background-color":"","background-image":"","background-repeat":"repeat","background-position":"center center","background-size":"auto","background-attachment":"scroll","background-type":"","background-media":"","overlay-type":"","overlay-color":"","overlay-opacity":"","overlay-gradient":""},"mobile":{"background-color":"","background-image":"","background-repeat":"repeat","background-position":"center center","background-size":"auto","background-attachment":"scroll","background-type":"","background-media":"","overlay-type":"","overlay-color":"","overlay-opacity":"","overlay-gradient":""}},"ast-content-background-meta":{"desktop":{"background-color":"var(--ast-global-color-5)","background-image":"","background-repeat":"repeat","background-position":"center center","background-size":"auto","background-attachment":"scroll","background-type":"","background-media":"","overlay-type":"","overlay-color":"","overlay-opacity":"","overlay-gradient":""},"tablet":{"background-color":"var(--ast-global-color-5)","background-image":"","background-repeat":"repeat","background-position":"center center","background-size":"auto","background-attachment":"scroll","background-type":"","background-media":"","overlay-type":"","overlay-color":"","overlay-opacity":"","overlay-gradient":""},"mobile":{"background-color":"var(--ast-global-color-5)","background-image":"","background-repeat":"repeat","background-position":"center center","background-size":"auto","background-attachment":"scroll","background-type":"","background-media":"","overlay-type":"","overlay-color":"","overlay-opacity":"","overlay-gradient":""}},"footnotes":""},"class_list":["post-1593","page","type-page","status-publish","hentry"],"yoast_head":"<!-- This site is optimized with the Yoast SEO plugin v26.9 - https:\/\/yoast.com\/product\/yoast-seo-wordpress\/ -->\n<title>Balustrade de c\u00e9ramique - D\u00e9coration de rails et de mains courantes en c\u00e9ramique<\/title>\n<meta name=\"description\" content=\"Nous fabriquons des balustres et des balustrades en c\u00e9ramique pour les maisons et les fermes. Nous r\u00e9cup\u00e9rons, r\u00e9habilitons et restaurons \u00e9galement les mains courantes et les balustrades en c\u00e9ramique. D\u00e9couvrez\" \/>\n<meta name=\"robots\" content=\"index, follow, max-snippet:-1, max-image-preview:large, max-video-preview:-1\" \/>\n<link rel=\"canonical\" href=\"https:\/\/www.ceramiquesest.cat\/fr\/balustrade\/\" \/>\n<meta property=\"og:locale\" content=\"fr_FR\" \/>\n<meta property=\"og:type\" content=\"article\" \/>\n<meta property=\"og:title\" content=\"Balustrade de c\u00e9ramique - D\u00e9coration de rails et de mains courantes en c\u00e9ramique\" \/>\n<meta property=\"og:description\" content=\"Nous fabriquons des balustres et des balustrades en c\u00e9ramique pour les maisons et les fermes. Nous r\u00e9cup\u00e9rons, r\u00e9habilitons et restaurons \u00e9galement les mains courantes et les balustrades en c\u00e9ramique. D\u00e9couvrez\" \/>\n<meta property=\"og:url\" content=\"https:\/\/www.ceramiquesest.cat\/fr\/balustrade\/\" \/>\n<meta property=\"og:site_name\" content=\"Cer\u00e0miques Est\" \/>\n<meta property=\"article:modified_time\" content=\"2018-08-13T11:08:29+00:00\" \/>\n<meta name=\"twitter:card\" content=\"summary_large_image\" \/>\n<script type=\"application\/ld+json\" class=\"yoast-schema-graph\">{\"@context\":\"https:\/\/schema.org\",\"@graph\":[{\"@type\":\"WebPage\",\"@id\":\"https:\/\/www.ceramiquesest.cat\/fr\/balustrade\/\",\"url\":\"https:\/\/www.ceramiquesest.cat\/fr\/balustrade\/\",\"name\":\"Balustrade de c\u00e9ramique - D\u00e9coration de rails et de mains courantes en c\u00e9ramique\",\"isPartOf\":{\"@id\":\"https:\/\/www.ceramiquesest.cat\/#website\"},\"datePublished\":\"2018-08-13T11:08:03+00:00\",\"dateModified\":\"2018-08-13T11:08:29+00:00\",\"description\":\"Nous fabriquons des balustres et des balustrades en c\u00e9ramique pour les maisons et les fermes. Nous r\u00e9cup\u00e9rons, r\u00e9habilitons et restaurons \u00e9galement les mains courantes et les balustrades en c\u00e9ramique. D\u00e9couvrez\",\"breadcrumb\":{\"@id\":\"https:\/\/www.ceramiquesest.cat\/fr\/balustrade\/#breadcrumb\"},\"inLanguage\":\"fr-FR\",\"potentialAction\":[{\"@type\":\"ReadAction\",\"target\":[\"https:\/\/www.ceramiquesest.cat\/fr\/balustrade\/\"]}]},{\"@type\":\"BreadcrumbList\",\"@id\":\"https:\/\/www.ceramiquesest.cat\/fr\/balustrade\/#breadcrumb\",\"itemListElement\":[{\"@type\":\"ListItem\",\"position\":1,\"name\":\"Inici\",\"item\":\"https:\/\/www.ceramiquesest.cat\/fr\/\"},{\"@type\":\"ListItem\",\"position\":2,\"name\":\"BALUSTRADE\"}]},{\"@type\":\"WebSite\",\"@id\":\"https:\/\/www.ceramiquesest.cat\/#website\",\"url\":\"https:\/\/www.ceramiquesest.cat\/\",\"name\":\"Cer\u00e0miques Est\",\"description\":\"Fabricaci\u00f3 de cer\u00e0mica i rehabilitaci\u00f3 de peces cer\u00e0miques\",\"potentialAction\":[{\"@type\":\"SearchAction\",\"target\":{\"@type\":\"EntryPoint\",\"urlTemplate\":\"https:\/\/www.ceramiquesest.cat\/?s={search_term_string}\"},\"query-input\":{\"@type\":\"PropertyValueSpecification\",\"valueRequired\":true,\"valueName\":\"search_term_string\"}}],\"inLanguage\":\"fr-FR\"}]}<\/script>\n<!-- \/ Yoast SEO plugin. -->","yoast_head_json":{"title":"Balustrade de c\u00e9ramique - D\u00e9coration de rails et de mains courantes en c\u00e9ramique","description":"Nous fabriquons des balustres et des balustrades en c\u00e9ramique pour les maisons et les fermes. Nous r\u00e9cup\u00e9rons, r\u00e9habilitons et restaurons \u00e9galement les mains courantes et les balustrades en c\u00e9ramique. D\u00e9couvrez","robots":{"index":"index","follow":"follow","max-snippet":"max-snippet:-1","max-image-preview":"max-image-preview:large","max-video-preview":"max-video-preview:-1"},"canonical":"https:\/\/www.ceramiquesest.cat\/fr\/balustrade\/","og_locale":"fr_FR","og_type":"article","og_title":"Balustrade de c\u00e9ramique - D\u00e9coration de rails et de mains courantes en c\u00e9ramique","og_description":"Nous fabriquons des balustres et des balustrades en c\u00e9ramique pour les maisons et les fermes. Nous r\u00e9cup\u00e9rons, r\u00e9habilitons et restaurons \u00e9galement les mains courantes et les balustrades en c\u00e9ramique. D\u00e9couvrez","og_url":"https:\/\/www.ceramiquesest.cat\/fr\/balustrade\/","og_site_name":"Cer\u00e0miques Est","article_modified_time":"2018-08-13T11:08:29+00:00","twitter_card":"summary_large_image","schema":{"@context":"https:\/\/schema.org","@graph":[{"@type":"WebPage","@id":"https:\/\/www.ceramiquesest.cat\/fr\/balustrade\/","url":"https:\/\/www.ceramiquesest.cat\/fr\/balustrade\/","name":"Balustrade de c\u00e9ramique - D\u00e9coration de rails et de mains courantes en c\u00e9ramique","isPartOf":{"@id":"https:\/\/www.ceramiquesest.cat\/#website"},"datePublished":"2018-08-13T11:08:03+00:00","dateModified":"2018-08-13T11:08:29+00:00","description":"Nous fabriquons des balustres et des balustrades en c\u00e9ramique pour les maisons et les fermes. Nous r\u00e9cup\u00e9rons, r\u00e9habilitons et restaurons \u00e9galement les mains courantes et les balustrades en c\u00e9ramique. D\u00e9couvrez","breadcrumb":{"@id":"https:\/\/www.ceramiquesest.cat\/fr\/balustrade\/#breadcrumb"},"inLanguage":"fr-FR","potentialAction":[{"@type":"ReadAction","target":["https:\/\/www.ceramiquesest.cat\/fr\/balustrade\/"]}]},{"@type":"BreadcrumbList","@id":"https:\/\/www.ceramiquesest.cat\/fr\/balustrade\/#breadcrumb","itemListElement":[{"@type":"ListItem","position":1,"name":"Inici","item":"https:\/\/www.ceramiquesest.cat\/fr\/"},{"@type":"ListItem","position":2,"name":"BALUSTRADE"}]},{"@type":"WebSite","@id":"https:\/\/www.ceramiquesest.cat\/#website","url":"https:\/\/www.ceramiquesest.cat\/","name":"Cer\u00e0miques Est","description":"Fabricaci\u00f3 de cer\u00e0mica i rehabilitaci\u00f3 de peces cer\u00e0miques","potentialAction":[{"@type":"SearchAction","target":{"@type":"EntryPoint","urlTemplate":"https:\/\/www.ceramiquesest.cat\/?s={search_term_string}"},"query-input":{"@type":"PropertyValueSpecification","valueRequired":true,"valueName":"search_term_string"}}],"inLanguage":"fr-FR"}]}},"_links":{"self":[{"href":"https:\/\/www.ceramiquesest.cat\/fr\/wp-json\/wp\/v2\/pages\/1593","targetHints":{"allow":["GET"]}}],"collection":[{"href":"https:\/\/www.ceramiquesest.cat\/fr\/wp-json\/wp\/v2\/pages"}],"about":[{"href":"https:\/\/www.ceramiquesest.cat\/fr\/wp-json\/wp\/v2\/types\/page"}],"author":[{"embeddable":true,"href":"https:\/\/www.ceramiquesest.cat\/fr\/wp-json\/wp\/v2\/users\/2"}],"replies":[{"embeddable":true,"href":"https:\/\/www.ceramiquesest.cat\/fr\/wp-json\/wp\/v2\/comments?post=1593"}],"version-history":[{"count":2,"href":"https:\/\/www.ceramiquesest.cat\/fr\/wp-json\/wp\/v2\/pages\/1593\/revisions"}],"predecessor-version":[{"id":1601,"href":"https:\/\/www.ceramiquesest.cat\/fr\/wp-json\/wp\/v2\/pages\/1593\/revisions\/1601"}],"wp:attachment":[{"href":"https:\/\/www.ceramiquesest.cat\/fr\/wp-json\/wp\/v2\/media?parent=1593"}],"curies":[{"name":"wp","href":"https:\/\/api.w.org\/{rel}","templated":true}]}}