{"id":1671,"date":"2018-08-13T11:52:40","date_gmt":"2018-08-13T11:52:40","guid":{"rendered":"https:\/\/www.ceramiquesest.cat\/tuiles\/"},"modified":"2018-08-13T11:53:06","modified_gmt":"2018-08-13T11:53:06","slug":"tuiles","status":"publish","type":"page","link":"https:\/\/www.ceramiquesest.cat\/fr\/tuiles\/","title":{"rendered":"TUILES"},"content":{"rendered":"\t\t<div data-elementor-type=\"wp-post\" data-elementor-id=\"1671\" class=\"elementor elementor-1671 elementor-1103 elementor-bc-flex-widget\" data-elementor-post-type=\"page\">\n\t\t\t\t\t\t<section class=\"elementor-section elementor-top-section elementor-element elementor-element-c67cf14 elementor-section-full_width elementor-section-height-default elementor-section-height-default\" data-id=\"c67cf14\" data-element_type=\"section\" data-e-type=\"section\">\n\t\t\t\t\t\t<div class=\"elementor-container elementor-column-gap-default\">\n\t\t\t\t\t<div class=\"elementor-column elementor-col-50 elementor-top-column elementor-element elementor-element-649b7f58\" data-id=\"649b7f58\" data-element_type=\"column\" data-e-type=\"column\" data-settings=\"{&quot;background_background&quot;:&quot;classic&quot;}\">\n\t\t\t<div class=\"elementor-widget-wrap elementor-element-populated\">\n\t\t\t\t\t\t<div class=\"elementor-element elementor-element-7d1f5c11 elementor-widget elementor-widget-spacer\" data-id=\"7d1f5c11\" data-element_type=\"widget\" data-e-type=\"widget\" data-widget_type=\"spacer.default\">\n\t\t\t\t<div class=\"elementor-widget-container\">\n\t\t\t\t\t\t\t<div class=\"elementor-spacer\">\n\t\t\t<div class=\"elementor-spacer-inner\"><\/div>\n\t\t<\/div>\n\t\t\t\t\t\t<\/div>\n\t\t\t\t<\/div>\n\t\t\t\t\t<\/div>\n\t\t<\/div>\n\t\t\t\t<div class=\"elementor-column elementor-col-50 elementor-top-column elementor-element elementor-element-d9ff311\" data-id=\"d9ff311\" data-element_type=\"column\" data-e-type=\"column\" data-settings=\"{&quot;background_background&quot;:&quot;classic&quot;}\">\n\t\t\t<div class=\"elementor-widget-wrap elementor-element-populated\">\n\t\t\t\t\t\t<div class=\"elementor-element elementor-element-ed59bed elementor-widget elementor-widget-heading\" data-id=\"ed59bed\" data-element_type=\"widget\" data-e-type=\"widget\" data-widget_type=\"heading.default\">\n\t\t\t\t<div class=\"elementor-widget-container\">\n\t\t\t\t\t<h1 class=\"elementor-heading-title elementor-size-default\">TUILES EN C\u00c9RAMIQUES\u00a0: NOUS FABRIQUONS DES TUILES DE DESIGN EN C\u00c9RAMIQUE EN DIFF\u00c9RENTES COULEURS<\/h1>\t\t\t\t<\/div>\n\t\t\t\t<\/div>\n\t\t\t\t\t<\/div>\n\t\t<\/div>\n\t\t\t\t\t<\/div>\n\t\t<\/section>\n\t\t\t\t<section class=\"elementor-section elementor-top-section elementor-element elementor-element-8f29ffe elementor-section-full_width elementor-section-height-default elementor-section-height-default\" data-id=\"8f29ffe\" data-element_type=\"section\" data-e-type=\"section\">\n\t\t\t\t\t\t<div class=\"elementor-container elementor-column-gap-default\">\n\t\t\t\t\t<div class=\"elementor-column elementor-col-100 elementor-top-column elementor-element elementor-element-5b3ec43\" data-id=\"5b3ec43\" data-element_type=\"column\" data-e-type=\"column\">\n\t\t\t<div class=\"elementor-widget-wrap elementor-element-populated\">\n\t\t\t\t\t\t<div class=\"elementor-element elementor-element-699e990 elementor-widget elementor-widget-heading\" data-id=\"699e990\" data-element_type=\"widget\" data-e-type=\"widget\" data-widget_type=\"heading.default\">\n\t\t\t\t<div class=\"elementor-widget-container\">\n\t\t\t\t\t<h2 class=\"elementor-heading-title elementor-size-default\">Tuiles en c\u00e9ramiques \u00e9maill\u00e9es ou vitr\u00e9es\u00a0: tuiles plates pour constructions professionnelles ou personelles<\/h2>\t\t\t\t<\/div>\n\t\t\t\t<\/div>\n\t\t\t\t<div class=\"elementor-element elementor-element-e1d2847 elementor-widget elementor-widget-text-editor\" data-id=\"e1d2847\" data-element_type=\"widget\" data-e-type=\"widget\" data-widget_type=\"text-editor.default\">\n\t\t\t\t<div class=\"elementor-widget-container\">\n\t\t\t\t\t\t\t\t\t<p>Nous fabriquons et r\u00e9novons des tuiles de diverses mesures et mod\u00e8les, combinables en diff\u00e9rentes couleurs pour un style personnel de chaque toiture. Nous fabriquons des tuiles en c\u00e9ramique \u00e9maill\u00e9es ou vitr\u00e9es. Nous faisons aussi de la restauration.<\/p>\n\t\t\t\t\t\t\t\t<\/div>\n\t\t\t\t<\/div>\n\t\t\t\t\t<\/div>\n\t\t<\/div>\n\t\t\t\t\t<\/div>\n\t\t<\/section>\n\t\t\t\t<section class=\"elementor-section elementor-top-section elementor-element elementor-element-5a8bd3e1 elementor-section-boxed elementor-section-height-default elementor-section-height-default\" data-id=\"5a8bd3e1\" data-element_type=\"section\" data-e-type=\"section\" data-settings=\"{&quot;background_background&quot;:&quot;classic&quot;}\">\n\t\t\t\t\t\t<div class=\"elementor-container elementor-column-gap-default\">\n\t\t\t\t\t<div class=\"elementor-column elementor-col-100 elementor-top-column elementor-element elementor-element-3d98d587\" data-id=\"3d98d587\" data-element_type=\"column\" data-e-type=\"column\">\n\t\t\t<div class=\"elementor-widget-wrap elementor-element-populated\">\n\t\t\t\t\t\t<div class=\"elementor-element elementor-element-21886355 elementor-skin-carousel elementor-arrows-yes elementor-pagination-type-bullets elementor-pagination-position-outside elementor-widget elementor-widget-media-carousel\" data-id=\"21886355\" data-element_type=\"widget\" data-e-type=\"widget\" data-settings=\"{&quot;skin&quot;:&quot;carousel&quot;,&quot;effect&quot;:&quot;slide&quot;,&quot;show_arrows&quot;:&quot;yes&quot;,&quot;pagination&quot;:&quot;bullets&quot;,&quot;speed&quot;:500,&quot;autoplay&quot;:&quot;yes&quot;,&quot;autoplay_speed&quot;:5000,&quot;loop&quot;:&quot;yes&quot;,&quot;pause_on_hover&quot;:&quot;yes&quot;,&quot;pause_on_interaction&quot;:&quot;yes&quot;,&quot;space_between&quot;:{&quot;unit&quot;:&quot;px&quot;,&quot;size&quot;:10,&quot;sizes&quot;:[]},&quot;space_between_tablet&quot;:{&quot;unit&quot;:&quot;px&quot;,&quot;size&quot;:10,&quot;sizes&quot;:[]},&quot;space_between_mobile&quot;:{&quot;unit&quot;:&quot;px&quot;,&quot;size&quot;:10,&quot;sizes&quot;:[]}}\" data-widget_type=\"media-carousel.default\">\n\t\t\t\t<div class=\"elementor-widget-container\">\n\t\t\t\t\t\t\t\t\t<div class=\"elementor-swiper\">\n\t\t\t\t\t<div class=\"elementor-main-swiper swiper\" role=\"region\" aria-roledescription=\"carousel\" aria-label=\"Diapositives\">\n\t\t\t\t<div class=\"swiper-wrapper\">\n\t\t\t\t\t\t\t\t\t\t\t<div class=\"swiper-slide\" role=\"group\" aria-roledescription=\"slide\">\n\t\t\t\t\t\t\t\t\t<div class=\"elementor-carousel-image\" role=\"img\" aria-label=\"teules-0\" style=\"background-image: url(&#039;https:\/\/www.ceramiquesest.cat\/wp-content\/uploads\/2018\/07\/teules-0.jpg&#039;)\">\n\n\t\t\t\n\t\t\t\t\t<\/div>\n\t\t\t\t\t\t\t\t<\/div>\n\t\t\t\t\t\t\t\t\t\t\t<div class=\"swiper-slide\" role=\"group\" aria-roledescription=\"slide\">\n\t\t\t\t\t\t\t\t\t<div class=\"elementor-carousel-image\" role=\"img\" aria-label=\"teules-1\" style=\"background-image: url(&#039;https:\/\/www.ceramiquesest.cat\/wp-content\/uploads\/2018\/07\/teules-1.jpg&#039;)\">\n\n\t\t\t\n\t\t\t\t\t<\/div>\n\t\t\t\t\t\t\t\t<\/div>\n\t\t\t\t\t\t\t\t\t\t\t<div class=\"swiper-slide\" role=\"group\" aria-roledescription=\"slide\">\n\t\t\t\t\t\t\t\t\t<div class=\"elementor-carousel-image\" role=\"img\" aria-label=\"teules-2\" style=\"background-image: url(&#039;https:\/\/www.ceramiquesest.cat\/wp-content\/uploads\/2018\/07\/teules-2.jpg&#039;)\">\n\n\t\t\t\n\t\t\t\t\t<\/div>\n\t\t\t\t\t\t\t\t<\/div>\n\t\t\t\t\t\t\t\t\t\t\t<div class=\"swiper-slide\" role=\"group\" aria-roledescription=\"slide\">\n\t\t\t\t\t\t\t\t\t<div class=\"elementor-carousel-image\" role=\"img\" aria-label=\"teules-3\" style=\"background-image: url(&#039;https:\/\/www.ceramiquesest.cat\/wp-content\/uploads\/2018\/07\/teules-3.jpg&#039;)\">\n\n\t\t\t\n\t\t\t\t\t<\/div>\n\t\t\t\t\t\t\t\t<\/div>\n\t\t\t\t\t\t\t\t\t\t\t<div class=\"swiper-slide\" role=\"group\" aria-roledescription=\"slide\">\n\t\t\t\t\t\t\t\t\t<div class=\"elementor-carousel-image\" role=\"img\" aria-label=\"teules-4\" style=\"background-image: url(&#039;https:\/\/www.ceramiquesest.cat\/wp-content\/uploads\/2018\/07\/teules-4.jpg&#039;)\">\n\n\t\t\t\n\t\t\t\t\t<\/div>\n\t\t\t\t\t\t\t\t<\/div>\n\t\t\t\t\t\t\t\t\t\t\t<div class=\"swiper-slide\" role=\"group\" aria-roledescription=\"slide\">\n\t\t\t\t\t\t\t\t\t<div class=\"elementor-carousel-image\" role=\"img\" aria-label=\"teules-5\" style=\"background-image: url(&#039;https:\/\/www.ceramiquesest.cat\/wp-content\/uploads\/2018\/07\/teules-5.jpg&#039;)\">\n\n\t\t\t\n\t\t\t\t\t<\/div>\n\t\t\t\t\t\t\t\t<\/div>\n\t\t\t\t\t\t\t\t\t\t\t<div class=\"swiper-slide\" role=\"group\" aria-roledescription=\"slide\">\n\t\t\t\t\t\t\t\t\t<div class=\"elementor-carousel-image\" role=\"img\" aria-label=\"teules-6\" style=\"background-image: url(&#039;https:\/\/www.ceramiquesest.cat\/wp-content\/uploads\/2018\/07\/teules-6.jpg&#039;)\">\n\n\t\t\t\n\t\t\t\t\t<\/div>\n\t\t\t\t\t\t\t\t<\/div>\n\t\t\t\t\t\t\t\t\t<\/div>\n\t\t\t\t\t\t\t\t\t\t\t\t\t\t\t<div class=\"elementor-swiper-button elementor-swiper-button-prev\" role=\"button\" tabindex=\"0\" aria-label=\"Pr\u00e9c\u00e9dent\">\n\t\t\t\t\t\t\t<i aria-hidden=\"true\" class=\"eicon-chevron-left\"><\/i>\t\t\t\t\t\t<\/div>\n\t\t\t\t\t\t<div class=\"elementor-swiper-button elementor-swiper-button-next\" role=\"button\" tabindex=\"0\" aria-label=\"Suivant\">\n\t\t\t\t\t\t\t<i aria-hidden=\"true\" class=\"eicon-chevron-right\"><\/i>\t\t\t\t\t\t<\/div>\n\t\t\t\t\t\t\t\t\t\t\t\t\t\t\t\t<div class=\"swiper-pagination\"><\/div>\n\t\t\t\t\t\t\t\t\t\t\t\t<\/div>\n\t\t\t\t<\/div>\n\t\t\t\t\t\t\t\t<\/div>\n\t\t\t\t<\/div>\n\t\t\t\t\t<\/div>\n\t\t<\/div>\n\t\t\t\t\t<\/div>\n\t\t<\/section>\n\t\t\t\t<section class=\"elementor-section elementor-top-section elementor-element elementor-element-00d56f6 elementor-section-full_width elementor-section-height-default elementor-section-height-default\" data-id=\"00d56f6\" data-element_type=\"section\" data-e-type=\"section\">\n\t\t\t\t\t\t<div class=\"elementor-container elementor-column-gap-default\">\n\t\t\t\t\t<div class=\"elementor-column elementor-col-25 elementor-top-column elementor-element elementor-element-4ecb362\" data-id=\"4ecb362\" data-element_type=\"column\" data-e-type=\"column\">\n\t\t\t<div class=\"elementor-widget-wrap elementor-element-populated\">\n\t\t\t\t\t\t<div class=\"elementor-element elementor-element-04b363f elementor-widget elementor-widget-image\" data-id=\"04b363f\" data-element_type=\"widget\" data-e-type=\"widget\" data-widget_type=\"image.default\">\n\t\t\t\t<div class=\"elementor-widget-container\">\n\t\t\t\t\t\t\t\t\t\t\t\t\t\t\t<img fetchpriority=\"high\" decoding=\"async\" width=\"400\" height=\"398\" src=\"https:\/\/www.ceramiquesest.cat\/wp-content\/uploads\/2018\/07\/teula-ceramica-arab.jpg\" class=\"attachment-large size-large wp-image-1681\" alt=\"\" srcset=\"https:\/\/www.ceramiquesest.cat\/wp-content\/uploads\/2018\/07\/teula-ceramica-arab.jpg 400w, https:\/\/www.ceramiquesest.cat\/wp-content\/uploads\/2018\/07\/teula-ceramica-arab-150x150.jpg 150w, https:\/\/www.ceramiquesest.cat\/wp-content\/uploads\/2018\/07\/teula-ceramica-arab-300x300.jpg 300w\" sizes=\"(max-width: 400px) 100vw, 400px\" \/>\t\t\t\t\t\t\t\t\t\t\t\t\t\t\t<\/div>\n\t\t\t\t<\/div>\n\t\t\t\t\t<\/div>\n\t\t<\/div>\n\t\t\t\t<div class=\"elementor-column elementor-col-25 elementor-top-column elementor-element elementor-element-e115cf6\" data-id=\"e115cf6\" data-element_type=\"column\" data-e-type=\"column\">\n\t\t\t<div class=\"elementor-widget-wrap elementor-element-populated\">\n\t\t\t\t\t\t<div class=\"elementor-element elementor-element-ed75409 elementor-widget elementor-widget-heading\" data-id=\"ed75409\" data-element_type=\"widget\" data-e-type=\"widget\" data-widget_type=\"heading.default\">\n\t\t\t\t<div class=\"elementor-widget-container\">\n\t\t\t\t\t<h3 class=\"elementor-heading-title elementor-size-default\">TUILES EN C\u00c9RAMIQUES<\/h3>\t\t\t\t<\/div>\n\t\t\t\t<\/div>\n\t\t\t\t<div class=\"elementor-element elementor-element-fa525f0 elementor-widget elementor-widget-text-editor\" data-id=\"fa525f0\" data-element_type=\"widget\" data-e-type=\"widget\" data-widget_type=\"text-editor.default\">\n\t\t\t\t<div class=\"elementor-widget-container\">\n\t\t\t\t\t\t\t\t\t<p>Tuile classique en c\u00e9ramique de diff\u00e9rentes tailles et couleurs. Emaill\u00e9es, vitr\u00e9es ou terre cuite.<\/p>\n\t\t\t\t\t\t\t\t<\/div>\n\t\t\t\t<\/div>\n\t\t\t\t\t<\/div>\n\t\t<\/div>\n\t\t\t\t<div class=\"elementor-column elementor-col-25 elementor-top-column elementor-element elementor-element-4b81d51\" data-id=\"4b81d51\" data-element_type=\"column\" data-e-type=\"column\">\n\t\t\t<div class=\"elementor-widget-wrap elementor-element-populated\">\n\t\t\t\t\t\t<div class=\"elementor-element elementor-element-4eb9490 elementor-widget elementor-widget-image\" data-id=\"4eb9490\" data-element_type=\"widget\" data-e-type=\"widget\" data-widget_type=\"image.default\">\n\t\t\t\t<div class=\"elementor-widget-container\">\n\t\t\t\t\t\t\t\t\t\t\t\t\t\t\t<img decoding=\"async\" width=\"400\" height=\"398\" src=\"https:\/\/www.ceramiquesest.cat\/wp-content\/uploads\/2018\/07\/teula-plana-alicantina.jpg\" class=\"attachment-large size-large wp-image-1682\" alt=\"\" srcset=\"https:\/\/www.ceramiquesest.cat\/wp-content\/uploads\/2018\/07\/teula-plana-alicantina.jpg 400w, https:\/\/www.ceramiquesest.cat\/wp-content\/uploads\/2018\/07\/teula-plana-alicantina-150x150.jpg 150w, https:\/\/www.ceramiquesest.cat\/wp-content\/uploads\/2018\/07\/teula-plana-alicantina-300x300.jpg 300w\" sizes=\"(max-width: 400px) 100vw, 400px\" \/>\t\t\t\t\t\t\t\t\t\t\t\t\t\t\t<\/div>\n\t\t\t\t<\/div>\n\t\t\t\t\t<\/div>\n\t\t<\/div>\n\t\t\t\t<div class=\"elementor-column elementor-col-25 elementor-top-column elementor-element elementor-element-03c952b\" data-id=\"03c952b\" data-element_type=\"column\" data-e-type=\"column\">\n\t\t\t<div class=\"elementor-widget-wrap elementor-element-populated\">\n\t\t\t\t\t\t<div class=\"elementor-element elementor-element-e935747 elementor-widget elementor-widget-heading\" data-id=\"e935747\" data-element_type=\"widget\" data-e-type=\"widget\" data-widget_type=\"heading.default\">\n\t\t\t\t<div class=\"elementor-widget-container\">\n\t\t\t\t\t<h3 class=\"elementor-heading-title elementor-size-default\"><p style=\"margin-bottom: 0px\">TUILE PLATE GOUTI\u00c8RE<\/p><\/h3>\t\t\t\t<\/div>\n\t\t\t\t<\/div>\n\t\t\t\t<div class=\"elementor-element elementor-element-b59b2c5 elementor-widget elementor-widget-text-editor\" data-id=\"b59b2c5\" data-element_type=\"widget\" data-e-type=\"widget\" data-widget_type=\"text-editor.default\">\n\t\t\t\t<div class=\"elementor-widget-container\">\n\t\t\t\t\t\t\t\t\t<p>Combination entre la tuile classique et la tuile plate. Mesure unique et id\u00e9ale pour un toit en pente.<\/p>\n\t\t\t\t\t\t\t\t<\/div>\n\t\t\t\t<\/div>\n\t\t\t\t\t<\/div>\n\t\t<\/div>\n\t\t\t\t\t<\/div>\n\t\t<\/section>\n\t\t\t\t<\/div>\n\t\t","protected":false},"excerpt":{"rendered":"<p>TUILES EN C\u00c9RAMIQUES\u00a0: NOUS FABRIQUONS DES TUILES DE DESIGN EN C\u00c9RAMIQUE EN DIFF\u00c9RENTES COULEURS Tuiles en c\u00e9ramiques \u00e9maill\u00e9es ou vitr\u00e9es\u00a0: tuiles plates pour constructions professionnelles ou personelles Nous fabriquons et r\u00e9novons des tuiles de diverses mesures et mod\u00e8les, combinables en diff\u00e9rentes couleurs pour un style personnel de chaque toiture. Nous fabriquons des tuiles en c\u00e9ramique [&hellip;]<\/p>\n","protected":false},"author":2,"featured_media":0,"parent":0,"menu_order":0,"comment_status":"closed","ping_status":"closed","template":"","meta":{"inline_featured_image":false,"site-sidebar-layout":"no-sidebar","site-content-layout":"page-builder","ast-site-content-layout":"default","site-content-style":"default","site-sidebar-style":"default","ast-global-header-display":"","ast-banner-title-visibility":"","ast-main-header-display":"","ast-hfb-above-header-display":"","ast-hfb-below-header-display":"","ast-hfb-mobile-header-display":"","site-post-title":"disabled","ast-breadcrumbs-content":"","ast-featured-img":"disabled","footer-sml-layout":"","ast-disable-related-posts":"","theme-transparent-header-meta":"","adv-header-id-meta":"","stick-header-meta":"","header-above-stick-meta":"","header-main-stick-meta":"","header-below-stick-meta":"","astra-migrate-meta-layouts":"default","ast-page-background-enabled":"default","ast-page-background-meta":{"desktop":{"background-color":"","background-image":"","background-repeat":"repeat","background-position":"center center","background-size":"auto","background-attachment":"scroll","background-type":"","background-media":"","overlay-type":"","overlay-color":"","overlay-opacity":"","overlay-gradient":""},"tablet":{"background-color":"","background-image":"","background-repeat":"repeat","background-position":"center center","background-size":"auto","background-attachment":"scroll","background-type":"","background-media":"","overlay-type":"","overlay-color":"","overlay-opacity":"","overlay-gradient":""},"mobile":{"background-color":"","background-image":"","background-repeat":"repeat","background-position":"center center","background-size":"auto","background-attachment":"scroll","background-type":"","background-media":"","overlay-type":"","overlay-color":"","overlay-opacity":"","overlay-gradient":""}},"ast-content-background-meta":{"desktop":{"background-color":"var(--ast-global-color-5)","background-image":"","background-repeat":"repeat","background-position":"center center","background-size":"auto","background-attachment":"scroll","background-type":"","background-media":"","overlay-type":"","overlay-color":"","overlay-opacity":"","overlay-gradient":""},"tablet":{"background-color":"var(--ast-global-color-5)","background-image":"","background-repeat":"repeat","background-position":"center center","background-size":"auto","background-attachment":"scroll","background-type":"","background-media":"","overlay-type":"","overlay-color":"","overlay-opacity":"","overlay-gradient":""},"mobile":{"background-color":"var(--ast-global-color-5)","background-image":"","background-repeat":"repeat","background-position":"center center","background-size":"auto","background-attachment":"scroll","background-type":"","background-media":"","overlay-type":"","overlay-color":"","overlay-opacity":"","overlay-gradient":""}},"footnotes":""},"class_list":["post-1671","page","type-page","status-publish","hentry"],"yoast_head":"<!-- This site is optimized with the Yoast SEO plugin v26.9 - https:\/\/yoast.com\/product\/yoast-seo-wordpress\/ -->\n<title>Tuiles de c\u00e9ramique \u00e9maill\u00e9s et \u00e9maill\u00e9s - Nombreux tuiles de couleur<\/title>\n<meta name=\"description\" content=\"Les tuiles que nous fabriquons sont fabriqu\u00e9s \u00e0 la main et avec des finitions professionnelles pour les constructeurs et les particuliers. Nous vendons des tuiles plat et arabe, gla\u00e7ure et \u00e9maill\u00e9s.\" \/>\n<meta name=\"robots\" content=\"index, follow, max-snippet:-1, max-image-preview:large, max-video-preview:-1\" \/>\n<link rel=\"canonical\" href=\"https:\/\/www.ceramiquesest.cat\/fr\/tuiles\/\" \/>\n<meta property=\"og:locale\" content=\"fr_FR\" \/>\n<meta property=\"og:type\" content=\"article\" \/>\n<meta property=\"og:title\" content=\"Tuiles de c\u00e9ramique \u00e9maill\u00e9s et \u00e9maill\u00e9s - Nombreux tuiles de couleur\" \/>\n<meta property=\"og:description\" content=\"Les tuiles que nous fabriquons sont fabriqu\u00e9s \u00e0 la main et avec des finitions professionnelles pour les constructeurs et les particuliers. Nous vendons des tuiles plat et arabe, gla\u00e7ure et \u00e9maill\u00e9s.\" \/>\n<meta property=\"og:url\" content=\"https:\/\/www.ceramiquesest.cat\/fr\/tuiles\/\" \/>\n<meta property=\"og:site_name\" content=\"Cer\u00e0miques Est\" \/>\n<meta property=\"article:modified_time\" content=\"2018-08-13T11:53:06+00:00\" \/>\n<meta property=\"og:image\" content=\"https:\/\/www.ceramiquesest.cat\/wp-content\/uploads\/2018\/07\/teula-ceramica-arab.jpg\" \/>\n<meta name=\"twitter:card\" content=\"summary_large_image\" \/>\n<meta name=\"twitter:label1\" content=\"Dur\u00e9e de lecture estim\u00e9e\" \/>\n\t<meta name=\"twitter:data1\" content=\"1 minute\" \/>\n<script type=\"application\/ld+json\" class=\"yoast-schema-graph\">{\"@context\":\"https:\/\/schema.org\",\"@graph\":[{\"@type\":\"WebPage\",\"@id\":\"https:\/\/www.ceramiquesest.cat\/fr\/tuiles\/\",\"url\":\"https:\/\/www.ceramiquesest.cat\/fr\/tuiles\/\",\"name\":\"Tuiles de c\u00e9ramique \u00e9maill\u00e9s et \u00e9maill\u00e9s - Nombreux tuiles de couleur\",\"isPartOf\":{\"@id\":\"https:\/\/www.ceramiquesest.cat\/#website\"},\"primaryImageOfPage\":{\"@id\":\"https:\/\/www.ceramiquesest.cat\/fr\/tuiles\/#primaryimage\"},\"image\":{\"@id\":\"https:\/\/www.ceramiquesest.cat\/fr\/tuiles\/#primaryimage\"},\"thumbnailUrl\":\"https:\/\/www.ceramiquesest.cat\/wp-content\/uploads\/2018\/07\/teula-ceramica-arab.jpg\",\"datePublished\":\"2018-08-13T11:52:40+00:00\",\"dateModified\":\"2018-08-13T11:53:06+00:00\",\"description\":\"Les tuiles que nous fabriquons sont fabriqu\u00e9s \u00e0 la main et avec des finitions professionnelles pour les constructeurs et les particuliers. Nous vendons des tuiles plat et arabe, gla\u00e7ure et \u00e9maill\u00e9s.\",\"breadcrumb\":{\"@id\":\"https:\/\/www.ceramiquesest.cat\/fr\/tuiles\/#breadcrumb\"},\"inLanguage\":\"fr-FR\",\"potentialAction\":[{\"@type\":\"ReadAction\",\"target\":[\"https:\/\/www.ceramiquesest.cat\/fr\/tuiles\/\"]}]},{\"@type\":\"ImageObject\",\"inLanguage\":\"fr-FR\",\"@id\":\"https:\/\/www.ceramiquesest.cat\/fr\/tuiles\/#primaryimage\",\"url\":\"https:\/\/www.ceramiquesest.cat\/wp-content\/uploads\/2018\/07\/teula-ceramica-arab.jpg\",\"contentUrl\":\"https:\/\/www.ceramiquesest.cat\/wp-content\/uploads\/2018\/07\/teula-ceramica-arab.jpg\"},{\"@type\":\"BreadcrumbList\",\"@id\":\"https:\/\/www.ceramiquesest.cat\/fr\/tuiles\/#breadcrumb\",\"itemListElement\":[{\"@type\":\"ListItem\",\"position\":1,\"name\":\"Inici\",\"item\":\"https:\/\/www.ceramiquesest.cat\/fr\/\"},{\"@type\":\"ListItem\",\"position\":2,\"name\":\"TUILES\"}]},{\"@type\":\"WebSite\",\"@id\":\"https:\/\/www.ceramiquesest.cat\/#website\",\"url\":\"https:\/\/www.ceramiquesest.cat\/\",\"name\":\"Cer\u00e0miques Est\",\"description\":\"Fabricaci\u00f3 de cer\u00e0mica i rehabilitaci\u00f3 de peces cer\u00e0miques\",\"potentialAction\":[{\"@type\":\"SearchAction\",\"target\":{\"@type\":\"EntryPoint\",\"urlTemplate\":\"https:\/\/www.ceramiquesest.cat\/?s={search_term_string}\"},\"query-input\":{\"@type\":\"PropertyValueSpecification\",\"valueRequired\":true,\"valueName\":\"search_term_string\"}}],\"inLanguage\":\"fr-FR\"}]}<\/script>\n<!-- \/ Yoast SEO plugin. -->","yoast_head_json":{"title":"Tuiles de c\u00e9ramique \u00e9maill\u00e9s et \u00e9maill\u00e9s - Nombreux tuiles de couleur","description":"Les tuiles que nous fabriquons sont fabriqu\u00e9s \u00e0 la main et avec des finitions professionnelles pour les constructeurs et les particuliers. Nous vendons des tuiles plat et arabe, gla\u00e7ure et \u00e9maill\u00e9s.","robots":{"index":"index","follow":"follow","max-snippet":"max-snippet:-1","max-image-preview":"max-image-preview:large","max-video-preview":"max-video-preview:-1"},"canonical":"https:\/\/www.ceramiquesest.cat\/fr\/tuiles\/","og_locale":"fr_FR","og_type":"article","og_title":"Tuiles de c\u00e9ramique \u00e9maill\u00e9s et \u00e9maill\u00e9s - Nombreux tuiles de couleur","og_description":"Les tuiles que nous fabriquons sont fabriqu\u00e9s \u00e0 la main et avec des finitions professionnelles pour les constructeurs et les particuliers. Nous vendons des tuiles plat et arabe, gla\u00e7ure et \u00e9maill\u00e9s.","og_url":"https:\/\/www.ceramiquesest.cat\/fr\/tuiles\/","og_site_name":"Cer\u00e0miques Est","article_modified_time":"2018-08-13T11:53:06+00:00","og_image":[{"url":"https:\/\/www.ceramiquesest.cat\/wp-content\/uploads\/2018\/07\/teula-ceramica-arab.jpg","type":"","width":"","height":""}],"twitter_card":"summary_large_image","twitter_misc":{"Dur\u00e9e de lecture estim\u00e9e":"1 minute"},"schema":{"@context":"https:\/\/schema.org","@graph":[{"@type":"WebPage","@id":"https:\/\/www.ceramiquesest.cat\/fr\/tuiles\/","url":"https:\/\/www.ceramiquesest.cat\/fr\/tuiles\/","name":"Tuiles de c\u00e9ramique \u00e9maill\u00e9s et \u00e9maill\u00e9s - Nombreux tuiles de couleur","isPartOf":{"@id":"https:\/\/www.ceramiquesest.cat\/#website"},"primaryImageOfPage":{"@id":"https:\/\/www.ceramiquesest.cat\/fr\/tuiles\/#primaryimage"},"image":{"@id":"https:\/\/www.ceramiquesest.cat\/fr\/tuiles\/#primaryimage"},"thumbnailUrl":"https:\/\/www.ceramiquesest.cat\/wp-content\/uploads\/2018\/07\/teula-ceramica-arab.jpg","datePublished":"2018-08-13T11:52:40+00:00","dateModified":"2018-08-13T11:53:06+00:00","description":"Les tuiles que nous fabriquons sont fabriqu\u00e9s \u00e0 la main et avec des finitions professionnelles pour les constructeurs et les particuliers. Nous vendons des tuiles plat et arabe, gla\u00e7ure et \u00e9maill\u00e9s.","breadcrumb":{"@id":"https:\/\/www.ceramiquesest.cat\/fr\/tuiles\/#breadcrumb"},"inLanguage":"fr-FR","potentialAction":[{"@type":"ReadAction","target":["https:\/\/www.ceramiquesest.cat\/fr\/tuiles\/"]}]},{"@type":"ImageObject","inLanguage":"fr-FR","@id":"https:\/\/www.ceramiquesest.cat\/fr\/tuiles\/#primaryimage","url":"https:\/\/www.ceramiquesest.cat\/wp-content\/uploads\/2018\/07\/teula-ceramica-arab.jpg","contentUrl":"https:\/\/www.ceramiquesest.cat\/wp-content\/uploads\/2018\/07\/teula-ceramica-arab.jpg"},{"@type":"BreadcrumbList","@id":"https:\/\/www.ceramiquesest.cat\/fr\/tuiles\/#breadcrumb","itemListElement":[{"@type":"ListItem","position":1,"name":"Inici","item":"https:\/\/www.ceramiquesest.cat\/fr\/"},{"@type":"ListItem","position":2,"name":"TUILES"}]},{"@type":"WebSite","@id":"https:\/\/www.ceramiquesest.cat\/#website","url":"https:\/\/www.ceramiquesest.cat\/","name":"Cer\u00e0miques Est","description":"Fabricaci\u00f3 de cer\u00e0mica i rehabilitaci\u00f3 de peces cer\u00e0miques","potentialAction":[{"@type":"SearchAction","target":{"@type":"EntryPoint","urlTemplate":"https:\/\/www.ceramiquesest.cat\/?s={search_term_string}"},"query-input":{"@type":"PropertyValueSpecification","valueRequired":true,"valueName":"search_term_string"}}],"inLanguage":"fr-FR"}]}},"_links":{"self":[{"href":"https:\/\/www.ceramiquesest.cat\/fr\/wp-json\/wp\/v2\/pages\/1671","targetHints":{"allow":["GET"]}}],"collection":[{"href":"https:\/\/www.ceramiquesest.cat\/fr\/wp-json\/wp\/v2\/pages"}],"about":[{"href":"https:\/\/www.ceramiquesest.cat\/fr\/wp-json\/wp\/v2\/types\/page"}],"author":[{"embeddable":true,"href":"https:\/\/www.ceramiquesest.cat\/fr\/wp-json\/wp\/v2\/users\/2"}],"replies":[{"embeddable":true,"href":"https:\/\/www.ceramiquesest.cat\/fr\/wp-json\/wp\/v2\/comments?post=1671"}],"version-history":[{"count":1,"href":"https:\/\/www.ceramiquesest.cat\/fr\/wp-json\/wp\/v2\/pages\/1671\/revisions"}],"predecessor-version":[{"id":1683,"href":"https:\/\/www.ceramiquesest.cat\/fr\/wp-json\/wp\/v2\/pages\/1671\/revisions\/1683"}],"wp:attachment":[{"href":"https:\/\/www.ceramiquesest.cat\/fr\/wp-json\/wp\/v2\/media?parent=1671"}],"curies":[{"name":"wp","href":"https:\/\/api.w.org\/{rel}","templated":true}]}}